{"id":1137,"date":"2025-09-10T15:58:22","date_gmt":"2025-09-10T15:58:22","guid":{"rendered":"https:\/\/www.magnetico.cloud\/?page_id=1137"},"modified":"2025-10-02T17:36:28","modified_gmt":"2025-10-02T17:36:28","slug":"diventa-socio","status":"publish","type":"page","link":"https:\/\/www.magnetico.cloud\/fr\/diventa-socio\/","title":{"rendered":"Devenez membre de Magnetico"},"content":{"rendered":"<div data-elementor-type=\"wp-page\" data-elementor-id=\"1137\" class=\"elementor elementor-1137\" data-elementor-post-type=\"page\">\n\t\t\t\t<div class=\"elementor-element elementor-element-4d2be2cc e-con-full e-flex e-con e-parent\" data-id=\"4d2be2cc\" data-element_type=\"container\" data-e-type=\"container\">\n\t\t<div class=\"elementor-element elementor-element-19ccc49c e-con-full e-flex e-con e-child\" data-id=\"19ccc49c\" data-element_type=\"container\" data-e-type=\"container\" data-settings=\"{&quot;background_background&quot;:&quot;classic&quot;}\">\n\t\t\t\t<div class=\"elementor-element elementor-element-3403aa8d elementor-widget elementor-widget-heading\" data-id=\"3403aa8d\" data-element_type=\"widget\" data-e-type=\"widget\" data-widget_type=\"heading.default\">\n\t\t\t\t\t<h1 class=\"elementor-heading-title elementor-size-default\">Devenez membre de Magnetico<\/h1>\t\t\t\t<\/div>\n\t\t\t\t<\/div>\n\t\t<div class=\"elementor-element elementor-element-53f2f7a0 e-con-full e-flex e-con e-child\" data-id=\"53f2f7a0\" data-element_type=\"container\" data-e-type=\"container\" data-settings=\"{&quot;background_background&quot;:&quot;classic&quot;}\">\n\t\t\t\t<div class=\"elementor-element elementor-element-2f91c4c7 elementor-widget elementor-widget-text-editor\" data-id=\"2f91c4c7\" data-element_type=\"widget\" data-e-type=\"widget\" data-widget_type=\"text-editor.default\">\n\t\t\t\t\t\t\t\t\t<p class=\"p1\">Devenir membre de Magnetico signifie faire partie d\u2019une r\u00e9alit\u00e9 qui croit en la formation, l\u2019innovation et le d\u00e9veloppement des comp\u00e9tences comme outils pour construire l\u2019avenir du territoire.<\/p>\t\t\t\t\t\t\t\t<\/div>\n\t\t\t\t<div class=\"elementor-element elementor-element-51539ca5 elementor-widget elementor-widget-text-editor\" data-id=\"51539ca5\" data-element_type=\"widget\" data-e-type=\"widget\" data-widget_type=\"text-editor.default\">\n\t\t\t\t\t\t\t\t\t<p class=\"p1\">L\u2019association propose des parcours de formation, des initiatives culturelles et des occasions de rencontre entre jeunes, entreprises et professionnels.<\/p><p class=\"p1\">S\u2019associer n\u2019est pas seulement un geste de soutien: c\u2019est aussi la condition indispensable pour pouvoir participer aux cours et aux ateliers Magnetico.<\/p>\t\t\t\t\t\t\t\t<\/div>\n\t\t\t\t<\/div>\n\t\t\t\t<\/div>\n\t\t<div class=\"elementor-element elementor-element-78d98b83 e-con-full e-flex e-con e-parent\" data-id=\"78d98b83\" data-element_type=\"container\" data-e-type=\"container\">\n\t\t<div class=\"elementor-element elementor-element-7a388e52 e-con-full e-flex e-con e-child\" data-id=\"7a388e52\" data-element_type=\"container\" data-e-type=\"container\">\n\t\t\t\t<div class=\"elementor-element elementor-element-35046ed8 elementor-widget elementor-widget-heading\" data-id=\"35046ed8\" data-element_type=\"widget\" data-e-type=\"widget\" data-widget_type=\"heading.default\">\n\t\t\t\t\t<h2 class=\"elementor-heading-title elementor-size-default\">Pourquoi devenir membre<\/h2>\t\t\t\t<\/div>\n\t\t\t\t<div class=\"elementor-element elementor-element-6b720f09 elementor-widget elementor-widget-text-editor\" data-id=\"6b720f09\" data-element_type=\"widget\" data-e-type=\"widget\" data-widget_type=\"text-editor.default\">\n\t\t\t\t\t\t\t\t\t<p class=\"p1\">\u00catre membre de Magnetico vous permet de vivre en premi\u00e8re ligne les activit\u00e9s de l\u2019association. Parmi les principaux avantages:<\/p>\t\t\t\t\t\t\t\t<\/div>\n\t\t\t\t<div class=\"elementor-element elementor-element-4749734 elementor-widget elementor-widget-text-editor\" data-id=\"4749734\" data-element_type=\"widget\" data-e-type=\"widget\" data-widget_type=\"text-editor.default\">\n\t\t\t\t\t\t\t\t\t<ul><li><p class=\"p1\"><span class=\"s1\"><b>Acc\u00e8s aux cours Magnetico<\/b><\/span>: nos parcours de formation, con\u00e7us pour les \u00e9tudiants, les professionnels et les entreprises, sont r\u00e9serv\u00e9s aux membres. Devenir membre signifie avoir la possibilit\u00e9 de s\u2019inscrire et de suivre les cours en pr\u00e9sentiel et en ligne.<\/p><\/li><li><p class=\"p1\"><span class=\"s1\"><b>Formation facilit\u00e9e<\/b><\/span>: ateliers, s\u00e9minaires et initiatives avec des conditions avantageuses et une priorit\u00e9 d\u2019inscription.<\/p><\/li><li><p class=\"p1\"><span class=\"s1\"><b>Communaut\u00e9 et r\u00e9seau<\/b><\/span>: Magnetico est aussi un lieu de rencontre. En tant que membre, vous int\u00e9grez un r\u00e9seau de contacts comprenant de jeunes talents, des professionnels confirm\u00e9s et des entreprises locales.<\/p><\/li><li><p class=\"p1\"><span class=\"s1\"><b>Opportunit\u00e9s sp\u00e9ciales<\/b><\/span>: bourses d\u2019\u00e9tude, projets avec des partenaires institutionnels et activit\u00e9s culturelles sur le territoire.<\/p><\/li><li><p class=\"p1\"><span class=\"s1\"><b>Participation active<\/b><\/span>: les membres ont voix au chapitre et peuvent contribuer avec des id\u00e9es, des propositions et une collaboration concr\u00e8te \u00e0 la vie de l\u2019association.<\/p><\/li><\/ul>\t\t\t\t\t\t\t\t<\/div>\n\t\t\t\t<\/div>\n\t\t<div class=\"elementor-element elementor-element-51790f23 e-con-full e-flex e-con e-child\" data-id=\"51790f23\" data-element_type=\"container\" data-e-type=\"container\" data-settings=\"{&quot;background_background&quot;:&quot;classic&quot;}\">\n\t\t\t\t<\/div>\n\t\t\t\t<\/div>\n\t\t<div class=\"elementor-element elementor-element-4dea18c8 e-con-full e-flex e-con e-parent\" data-id=\"4dea18c8\" data-element_type=\"container\" data-e-type=\"container\" data-settings=\"{&quot;background_background&quot;:&quot;classic&quot;}\">\n\t\t<div class=\"elementor-element elementor-element-48974178 e-con-full e-flex e-con e-child\" data-id=\"48974178\" data-element_type=\"container\" data-e-type=\"container\">\n\t\t\t\t<div class=\"elementor-element elementor-element-738e98f6 elementor-widget elementor-widget-heading\" data-id=\"738e98f6\" data-element_type=\"widget\" data-e-type=\"widget\" data-widget_type=\"heading.default\">\n\t\t\t\t\t<h2 class=\"elementor-heading-title elementor-size-default\">Comment adh\u00e9rer<\/h2>\t\t\t\t<\/div>\n\t\t\t\t<div class=\"elementor-element elementor-element-6746c971 elementor-widget elementor-widget-text-editor\" data-id=\"6746c971\" data-element_type=\"widget\" data-e-type=\"widget\" data-widget_type=\"text-editor.default\">\n\t\t\t\t\t\t\t\t\t<p class=\"p1\">Devenir membre est simple et rapide: il suffit de saisir vos donn\u00e9es dans le <span class=\"s1\">formulaire d\u2019adh\u00e9sion en ligne<\/span>.<\/p>\t\t\t\t\t\t\t\t<\/div>\n\t\t\t\t<div class=\"elementor-element elementor-element-c4ca9e4 btn-outline-sweep elementor-widget elementor-widget-button\" data-id=\"c4ca9e4\" data-element_type=\"widget\" data-e-type=\"widget\" data-widget_type=\"button.default\">\n\t\t\t\t\t\t\t\t\t\t<a class=\"elementor-button elementor-button-link elementor-size-sm\" href=\"https:\/\/www.cloud32.it\/GES\/pub\/iscrisocio\/232777\/01\" target=\"_blank\">\n\t\t\t\t\t\t<span class=\"elementor-button-content-wrapper\">\n\t\t\t\t\t\t\t\t\t<span class=\"elementor-button-text\">Remplissez le formulaire d\u2019adh\u00e9sion<\/span>\n\t\t\t\t\t<\/span>\n\t\t\t\t\t<\/a>\n\t\t\t\t\t\t\t\t<\/div>\n\t\t\t\t<div class=\"elementor-element elementor-element-6c20684 elementor-widget elementor-widget-text-editor\" data-id=\"6c20684\" data-element_type=\"widget\" data-e-type=\"widget\" data-widget_type=\"text-editor.default\">\n\t\t\t\t\t\t\t\t\t<p class=\"p1\">Une fois l\u2019inscription termin\u00e9e, vous recevrez une confirmation par e-mail. \u00c0 partir de ce moment, vous aurez acc\u00e8s aux cours, \u00e9v\u00e9nements et initiatives r\u00e9serv\u00e9s aux membres de Magnetico. Vous ferez partie d\u2019une communaut\u00e9 dynamique qui \u0153uvre \u00e0 construire de nouvelles comp\u00e9tences et \u00e0 cr\u00e9er des opportunit\u00e9s pour l\u2019avenir.<\/p>\t\t\t\t\t\t\t\t<\/div>\n\t\t\t\t<\/div>\n\t\t<div class=\"elementor-element elementor-element-7b9793cc e-con-full elementor-hidden-mobile e-flex e-con e-child\" data-id=\"7b9793cc\" data-element_type=\"container\" data-e-type=\"container\" data-settings=\"{&quot;background_background&quot;:&quot;classic&quot;}\">\n\t\t\t\t<\/div>\n\t\t\t\t<\/div>\n\t\t\t\t<\/div>","protected":false},"excerpt":{"rendered":"<p>Diventa socio di Magnetico Diventare socio di Magnetico significa far parte di una realt\u00e0 che crede nella formazione, nell\u2019innovazione e nella crescita delle competenze come strumenti per costruire il futuro del territorio. L\u2019associazione offre percorsi formativi, iniziative culturali e occasioni di incontro tra giovani, imprese e professionisti. Associarsi non \u00e8 soltanto un gesto di sostegno: [&hellip;]<\/p>","protected":false},"author":1,"featured_media":0,"parent":0,"menu_order":0,"comment_status":"closed","ping_status":"closed","template":"elementor_header_footer","meta":{"footnotes":""},"class_list":["post-1137","page","type-page","status-publish","hentry"],"yoast_head":"<!-- This site is optimized with the Yoast SEO plugin v26.9 - https:\/\/yoast.com\/product\/yoast-seo-wordpress\/ -->\n<title>Diventa socio | Magnetico Associazione Culturale<\/title>\n<meta name=\"description\" content=\"Diventa socio di Magnetico ed entra in una community di formazione e innovazione. I corsi e le attivit\u00e0 sono riservati ai soci.\" \/>\n<meta name=\"robots\" content=\"index, follow, max-snippet:-1, max-image-preview:large, max-video-preview:-1\" \/>\n<link rel=\"canonical\" href=\"https:\/\/www.magnetico.cloud\/fr\/diventa-socio\/\" \/>\n<meta property=\"og:locale\" content=\"fr_FR\" \/>\n<meta property=\"og:type\" content=\"article\" \/>\n<meta property=\"og:title\" content=\"Diventa socio | Magnetico Associazione Culturale\" \/>\n<meta property=\"og:description\" content=\"Diventa socio di Magnetico ed entra in una community di formazione e innovazione. I corsi e le attivit\u00e0 sono riservati ai soci.\" \/>\n<meta property=\"og:url\" content=\"https:\/\/www.magnetico.cloud\/fr\/diventa-socio\/\" \/>\n<meta property=\"og:site_name\" content=\"Magnetico Associazione Culturale\" \/>\n<meta property=\"article:modified_time\" content=\"2025-10-02T17:36:28+00:00\" \/>\n<meta name=\"twitter:card\" content=\"summary_large_image\" \/>\n<meta name=\"twitter:label1\" content=\"Dur\u00e9e de lecture estim\u00e9e\" \/>\n\t<meta name=\"twitter:data1\" content=\"2 minutes\" \/>\n<script type=\"application\/ld+json\" class=\"yoast-schema-graph\">{\"@context\":\"https:\/\/schema.org\",\"@graph\":[{\"@type\":\"WebPage\",\"@id\":\"https:\/\/www.magnetico.cloud\/diventa-socio\/\",\"url\":\"https:\/\/www.magnetico.cloud\/diventa-socio\/\",\"name\":\"Diventa socio | Magnetico Associazione Culturale\",\"isPartOf\":{\"@id\":\"https:\/\/www.magnetico.cloud\/#website\"},\"datePublished\":\"2025-09-10T15:58:22+00:00\",\"dateModified\":\"2025-10-02T17:36:28+00:00\",\"description\":\"Diventa socio di Magnetico ed entra in una community di formazione e innovazione. I corsi e le attivit\u00e0 sono riservati ai soci.\",\"breadcrumb\":{\"@id\":\"https:\/\/www.magnetico.cloud\/diventa-socio\/#breadcrumb\"},\"inLanguage\":\"fr-FR\",\"potentialAction\":[{\"@type\":\"ReadAction\",\"target\":[\"https:\/\/www.magnetico.cloud\/diventa-socio\/\"]}]},{\"@type\":\"BreadcrumbList\",\"@id\":\"https:\/\/www.magnetico.cloud\/diventa-socio\/#breadcrumb\",\"itemListElement\":[{\"@type\":\"ListItem\",\"position\":1,\"name\":\"Home\",\"item\":\"https:\/\/www.magnetico.cloud\/\"},{\"@type\":\"ListItem\",\"position\":2,\"name\":\"Diventa socio di Magnetico\"}]},{\"@type\":\"WebSite\",\"@id\":\"https:\/\/www.magnetico.cloud\/#website\",\"url\":\"https:\/\/www.magnetico.cloud\/\",\"name\":\"Magnetico Associazione Culturale\",\"description\":\"\",\"potentialAction\":[{\"@type\":\"SearchAction\",\"target\":{\"@type\":\"EntryPoint\",\"urlTemplate\":\"https:\/\/www.magnetico.cloud\/?s={search_term_string}\"},\"query-input\":{\"@type\":\"PropertyValueSpecification\",\"valueRequired\":true,\"valueName\":\"search_term_string\"}}],\"inLanguage\":\"fr-FR\"}]}<\/script>\n<!-- \/ Yoast SEO plugin. -->","yoast_head_json":{"title":"Diventa socio | Magnetico Associazione Culturale","description":"Diventa socio di Magnetico ed entra in una community di formazione e innovazione. I corsi e le attivit\u00e0 sono riservati ai soci.","robots":{"index":"index","follow":"follow","max-snippet":"max-snippet:-1","max-image-preview":"max-image-preview:large","max-video-preview":"max-video-preview:-1"},"canonical":"https:\/\/www.magnetico.cloud\/fr\/diventa-socio\/","og_locale":"fr_FR","og_type":"article","og_title":"Diventa socio | Magnetico Associazione Culturale","og_description":"Diventa socio di Magnetico ed entra in una community di formazione e innovazione. I corsi e le attivit\u00e0 sono riservati ai soci.","og_url":"https:\/\/www.magnetico.cloud\/fr\/diventa-socio\/","og_site_name":"Magnetico Associazione Culturale","article_modified_time":"2025-10-02T17:36:28+00:00","twitter_card":"summary_large_image","twitter_misc":{"Dur\u00e9e de lecture estim\u00e9e":"2 minutes"},"schema":{"@context":"https:\/\/schema.org","@graph":[{"@type":"WebPage","@id":"https:\/\/www.magnetico.cloud\/diventa-socio\/","url":"https:\/\/www.magnetico.cloud\/diventa-socio\/","name":"Diventa socio | Magnetico Associazione Culturale","isPartOf":{"@id":"https:\/\/www.magnetico.cloud\/#website"},"datePublished":"2025-09-10T15:58:22+00:00","dateModified":"2025-10-02T17:36:28+00:00","description":"Diventa socio di Magnetico ed entra in una community di formazione e innovazione. I corsi e le attivit\u00e0 sono riservati ai soci.","breadcrumb":{"@id":"https:\/\/www.magnetico.cloud\/diventa-socio\/#breadcrumb"},"inLanguage":"fr-FR","potentialAction":[{"@type":"ReadAction","target":["https:\/\/www.magnetico.cloud\/diventa-socio\/"]}]},{"@type":"BreadcrumbList","@id":"https:\/\/www.magnetico.cloud\/diventa-socio\/#breadcrumb","itemListElement":[{"@type":"ListItem","position":1,"name":"Home","item":"https:\/\/www.magnetico.cloud\/"},{"@type":"ListItem","position":2,"name":"Diventa socio di Magnetico"}]},{"@type":"WebSite","@id":"https:\/\/www.magnetico.cloud\/#website","url":"https:\/\/www.magnetico.cloud\/","name":"Magnetico Association Culturelle","description":"","potentialAction":[{"@type":"SearchAction","target":{"@type":"EntryPoint","urlTemplate":"https:\/\/www.magnetico.cloud\/?s={search_term_string}"},"query-input":{"@type":"PropertyValueSpecification","valueRequired":true,"valueName":"search_term_string"}}],"inLanguage":"fr-FR"}]}},"_links":{"self":[{"href":"https:\/\/www.magnetico.cloud\/fr\/wp-json\/wp\/v2\/pages\/1137","targetHints":{"allow":["GET"]}}],"collection":[{"href":"https:\/\/www.magnetico.cloud\/fr\/wp-json\/wp\/v2\/pages"}],"about":[{"href":"https:\/\/www.magnetico.cloud\/fr\/wp-json\/wp\/v2\/types\/page"}],"author":[{"embeddable":true,"href":"https:\/\/www.magnetico.cloud\/fr\/wp-json\/wp\/v2\/users\/1"}],"replies":[{"embeddable":true,"href":"https:\/\/www.magnetico.cloud\/fr\/wp-json\/wp\/v2\/comments?post=1137"}],"version-history":[{"count":43,"href":"https:\/\/www.magnetico.cloud\/fr\/wp-json\/wp\/v2\/pages\/1137\/revisions"}],"predecessor-version":[{"id":1322,"href":"https:\/\/www.magnetico.cloud\/fr\/wp-json\/wp\/v2\/pages\/1137\/revisions\/1322"}],"wp:attachment":[{"href":"https:\/\/www.magnetico.cloud\/fr\/wp-json\/wp\/v2\/media?parent=1137"}],"curies":[{"name":"wp","href":"https:\/\/api.w.org\/{rel}","templated":true}]}}