{"id":1163,"date":"2025-09-10T16:21:35","date_gmt":"2025-09-10T16:21:35","guid":{"rendered":"https:\/\/www.magnetico.cloud\/?page_id=1163"},"modified":"2025-09-10T16:41:12","modified_gmt":"2025-09-10T16:41:12","slug":"sostieni-magnetico","status":"publish","type":"page","link":"https:\/\/www.magnetico.cloud\/fr\/sostieni-magnetico\/","title":{"rendered":"Soutenir Magnetico"},"content":{"rendered":"<div data-elementor-type=\"wp-page\" data-elementor-id=\"1163\" class=\"elementor elementor-1163\" data-elementor-post-type=\"page\">\n\t\t\t\t<div class=\"elementor-element elementor-element-4d2be2cc e-con-full e-flex e-con e-parent\" data-id=\"4d2be2cc\" data-element_type=\"container\" data-e-type=\"container\">\n\t\t<div class=\"elementor-element elementor-element-19ccc49c e-con-full e-flex e-con e-child\" data-id=\"19ccc49c\" data-element_type=\"container\" data-e-type=\"container\" data-settings=\"{&quot;background_background&quot;:&quot;classic&quot;}\">\n\t\t\t\t<div class=\"elementor-element elementor-element-3403aa8d elementor-widget elementor-widget-heading\" data-id=\"3403aa8d\" data-element_type=\"widget\" data-e-type=\"widget\" data-widget_type=\"heading.default\">\n\t\t\t\t\t<h1 class=\"elementor-heading-title elementor-size-default\">Soutenir Magnetico<\/h1>\t\t\t\t<\/div>\n\t\t\t\t<\/div>\n\t\t<div class=\"elementor-element elementor-element-53f2f7a0 e-con-full e-flex e-con e-child\" data-id=\"53f2f7a0\" data-element_type=\"container\" data-e-type=\"container\" data-settings=\"{&quot;background_background&quot;:&quot;classic&quot;}\">\n\t\t\t\t<div class=\"elementor-element elementor-element-2f91c4c7 elementor-widget elementor-widget-text-editor\" data-id=\"2f91c4c7\" data-element_type=\"widget\" data-e-type=\"widget\" data-widget_type=\"text-editor.default\">\n\t\t\t\t\t\t\t\t\t<p class=\"p1\">Nous croyons que le d\u00e9veloppement d\u2019un territoire passe par <span class=\"s1\"><b>la formation, l\u2019innovation et la culture<\/b><\/span>.<\/p><p class=\"p1\">Gr\u00e2ce \u00e0 votre soutien, vous nous aidez \u00e0 r\u00e9aliser des projets qui cr\u00e9ent des opportunit\u00e9s pour les jeunes, favorisent l\u2019inclusion sociale et renforcent le r\u00e9seau d\u2019entreprises et de professionnels en Sicile.<\/p>\t\t\t\t\t\t\t\t<\/div>\n\t\t\t\t<div class=\"elementor-element elementor-element-51539ca5 elementor-widget elementor-widget-text-editor\" data-id=\"51539ca5\" data-element_type=\"widget\" data-e-type=\"widget\" data-widget_type=\"text-editor.default\">\n\t\t\t\t\t\t\t\t\t<p class=\"p1\">Chaque don, petit ou grand, devient un investissement pour l\u2019avenir.<\/p>\t\t\t\t\t\t\t\t<\/div>\n\t\t\t\t<\/div>\n\t\t\t\t<\/div>\n\t\t<div class=\"elementor-element elementor-element-78d98b83 e-con-full e-flex e-con e-parent\" data-id=\"78d98b83\" data-element_type=\"container\" data-e-type=\"container\">\n\t\t<div class=\"elementor-element elementor-element-7a388e52 e-con-full e-flex e-con e-child\" data-id=\"7a388e52\" data-element_type=\"container\" data-e-type=\"container\">\n\t\t\t\t<div class=\"elementor-element elementor-element-35046ed8 elementor-widget elementor-widget-heading\" data-id=\"35046ed8\" data-element_type=\"widget\" data-e-type=\"widget\" data-widget_type=\"heading.default\">\n\t\t\t\t\t<h2 class=\"elementor-heading-title elementor-size-default\">Pourquoi nous soutenir<\/h2>\t\t\t\t<\/div>\n\t\t\t\t<div class=\"elementor-element elementor-element-4749734 elementor-widget elementor-widget-text-editor\" data-id=\"4749734\" data-element_type=\"widget\" data-e-type=\"widget\" data-widget_type=\"text-editor.default\">\n\t\t\t\t\t\t\t\t\t<p class=\"p1\"><span class=\"s1\"><b>Projets de formation<\/b><\/span>: des cours de haute qualit\u00e9, accessibles aux jeunes et aux professionnels.<\/p><p class=\"p1\"><span class=\"s1\"><b>Bourses d\u2019\u00e9tude<\/b><\/span>: initiatives telles que la campagne <i>#Magnetico30<\/i>, pour soutenir les talents n\u2019ayant pas les moyens \u00e9conomiques.<\/p><p class=\"p1\"><span class=\"s1\"><b>Technop\u00f4le et innovation<\/b><\/span>: des espaces et des laboratoires o\u00f9 \u00e9tudiants et entreprises peuvent grandir ensemble.<\/p><p class=\"p1\"><span class=\"s1\"><b>\u00c9v\u00e9nements culturels et sociaux<\/b><\/span>: des activit\u00e9s qui valorisent le territoire et la communaut\u00e9.<\/p>\t\t\t\t\t\t\t\t<\/div>\n\t\t\t\t<\/div>\n\t\t<div class=\"elementor-element elementor-element-60376a0 e-con-full e-flex e-con e-child\" data-id=\"60376a0\" data-element_type=\"container\" data-e-type=\"container\">\n\t\t\t\t<div class=\"elementor-element elementor-element-9ae7506 elementor-widget elementor-widget-heading\" data-id=\"9ae7506\" data-element_type=\"widget\" data-e-type=\"widget\" data-widget_type=\"heading.default\">\n\t\t\t\t\t<h2 class=\"elementor-heading-title elementor-size-default\">Comment contribuer<\/h2>\t\t\t\t<\/div>\n\t\t\t\t<div class=\"elementor-element elementor-element-3fffa58 elementor-widget elementor-widget-text-editor\" data-id=\"3fffa58\" data-element_type=\"widget\" data-e-type=\"widget\" data-widget_type=\"text-editor.default\">\n\t\t\t\t\t\t\t\t\t<p class=\"p1\"><span class=\"s1\"><b>Faire un don en ligne<\/b><\/span> \u00e0 travers nos campagnes actives.<\/p>\t\t\t\t\t\t\t\t<\/div>\n\t\t\t\t<div class=\"elementor-element elementor-element-2d1e41e elementor-widget elementor-widget-text-editor\" data-id=\"2d1e41e\" data-element_type=\"widget\" data-e-type=\"widget\" data-widget_type=\"text-editor.default\">\n\t\t\t\t\t\t\t\t\t<p class=\"p1\"><span class=\"s1\"><b>Devenir partenaire<\/b><\/span>: les entreprises et organisations peuvent soutenir des projets sp\u00e9cifiques.<\/p>\t\t\t\t\t\t\t\t<\/div>\n\t\t\t\t<div class=\"elementor-element elementor-element-a4ce1dc elementor-widget elementor-widget-text-editor\" data-id=\"a4ce1dc\" data-element_type=\"widget\" data-e-type=\"widget\" data-widget_type=\"text-editor.default\">\n\t\t\t\t\t\t\t\t\t<p class=\"p1\"><span class=\"s1\"><b>Partager nos initiatives<\/b><\/span>: le bouche-\u00e0-oreille est aussi une forme de soutien.<\/p>\t\t\t\t\t\t\t\t<\/div>\n\t\t\t\t<\/div>\n\t\t\t\t<\/div>\n\t\t<div class=\"elementor-element elementor-element-4dea18c8 e-con-full e-flex e-con e-parent\" data-id=\"4dea18c8\" data-element_type=\"container\" data-e-type=\"container\" data-settings=\"{&quot;background_background&quot;:&quot;classic&quot;}\">\n\t\t<div class=\"elementor-element elementor-element-48974178 e-con-full e-flex e-con e-child\" data-id=\"48974178\" data-element_type=\"container\" data-e-type=\"container\">\n\t\t\t\t<div class=\"elementor-element elementor-element-738e98f6 elementor-widget elementor-widget-heading\" data-id=\"738e98f6\" data-element_type=\"widget\" data-e-type=\"widget\" data-widget_type=\"heading.default\">\n\t\t\t\t\t<h2 class=\"elementor-heading-title elementor-size-default\">Soutenez la campagne sur GoFundMe<\/h2>\t\t\t\t<\/div>\n\t\t\t\t<div class=\"elementor-element elementor-element-07fd1a8 elementor-widget elementor-widget-text-editor\" data-id=\"07fd1a8\" data-element_type=\"widget\" data-e-type=\"widget\" data-widget_type=\"text-editor.default\">\n\t\t\t\t\t\t\t\t\t<p class=\"hrt-hide-max-md undefined hrt-mb-0 p-campaign-title\"><strong>MAGNETICO-30<\/strong> Bourses d\u2019\u00e9tude pour jeunes Talents<\/p>\t\t\t\t\t\t\t\t<\/div>\n\t\t\t\t<div class=\"elementor-element elementor-element-387b16f btn-outline-sweep01 elementor-widget elementor-widget-button\" data-id=\"387b16f\" data-element_type=\"widget\" data-e-type=\"widget\" data-widget_type=\"button.default\">\n\t\t\t\t\t\t\t\t\t\t<a class=\"elementor-button elementor-button-link elementor-size-sm\" href=\"https:\/\/www.gofundme.com\/f\/magnetico30-borse-di-studio-per-giovani-talenti?utm_campaign=p_cp+share-sheet&#038;utm_medium=copy_link_all&#038;utm_source=customer\">\n\t\t\t\t\t\t<span class=\"elementor-button-content-wrapper\">\n\t\t\t\t\t\t\t\t\t<span class=\"elementor-button-text\">Cliquez ici!<\/span>\n\t\t\t\t\t<\/span>\n\t\t\t\t\t<\/a>\n\t\t\t\t\t\t\t\t<\/div>\n\t\t\t\t<\/div>\n\t\t<div class=\"elementor-element elementor-element-7b9793cc e-con-full elementor-hidden-mobile e-flex e-con e-child\" data-id=\"7b9793cc\" data-element_type=\"container\" data-e-type=\"container\">\n\t\t\t\t<\/div>\n\t\t\t\t<\/div>\n\t\t\t\t<\/div>","protected":false},"excerpt":{"rendered":"<p>Sostieni Magnetico Crediamo che la crescita di un territorio passi da formazione, innovazione e cultura. Con il tuo sostegno ci aiuti a realizzare progetti che creano opportunit\u00e0 per i giovani, favoriscono l\u2019inclusione sociale e rafforzano la rete di imprese e professionisti in Sicilia. Ogni donazione, grande o piccola, diventa un investimento nel futuro. Perch\u00e9 sostenerci [&hellip;]<\/p>","protected":false},"author":1,"featured_media":0,"parent":0,"menu_order":0,"comment_status":"closed","ping_status":"closed","template":"elementor_header_footer","meta":{"footnotes":""},"class_list":["post-1163","page","type-page","status-publish","hentry"],"yoast_head":"<!-- This site is optimized with the Yoast SEO plugin v26.9 - https:\/\/yoast.com\/product\/yoast-seo-wordpress\/ -->\n<title>Sostienici | Supporta formazione e progetti culturali \u2013 Magnetico<\/title>\n<meta name=\"description\" content=\"Sostieni Magnetico e contribuisci a formazione, borse di studio, innovazione e progetti culturali. Scopri come donare e moltiplica l\u2019impatto.\" \/>\n<meta name=\"robots\" content=\"index, follow, max-snippet:-1, max-image-preview:large, max-video-preview:-1\" \/>\n<link rel=\"canonical\" href=\"https:\/\/www.magnetico.cloud\/fr\/sostieni-magnetico\/\" \/>\n<meta property=\"og:locale\" content=\"fr_FR\" \/>\n<meta property=\"og:type\" content=\"article\" \/>\n<meta property=\"og:title\" content=\"Sostienici | Supporta formazione e progetti culturali \u2013 Magnetico\" \/>\n<meta property=\"og:description\" content=\"Sostieni Magnetico e contribuisci a formazione, borse di studio, innovazione e progetti culturali. Scopri come donare e moltiplica l\u2019impatto.\" \/>\n<meta property=\"og:url\" content=\"https:\/\/www.magnetico.cloud\/fr\/sostieni-magnetico\/\" \/>\n<meta property=\"og:site_name\" content=\"Magnetico Associazione Culturale\" \/>\n<meta property=\"article:modified_time\" content=\"2025-09-10T16:41:12+00:00\" \/>\n<meta name=\"twitter:card\" content=\"summary_large_image\" \/>\n<meta name=\"twitter:label1\" content=\"Dur\u00e9e de lecture estim\u00e9e\" \/>\n\t<meta name=\"twitter:data1\" content=\"1 minute\" \/>\n<script type=\"application\/ld+json\" class=\"yoast-schema-graph\">{\"@context\":\"https:\/\/schema.org\",\"@graph\":[{\"@type\":\"WebPage\",\"@id\":\"https:\/\/www.magnetico.cloud\/sostieni-magnetico\/\",\"url\":\"https:\/\/www.magnetico.cloud\/sostieni-magnetico\/\",\"name\":\"Sostienici | Supporta formazione e progetti culturali \u2013 Magnetico\",\"isPartOf\":{\"@id\":\"https:\/\/www.magnetico.cloud\/#website\"},\"datePublished\":\"2025-09-10T16:21:35+00:00\",\"dateModified\":\"2025-09-10T16:41:12+00:00\",\"description\":\"Sostieni Magnetico e contribuisci a formazione, borse di studio, innovazione e progetti culturali. Scopri come donare e moltiplica l\u2019impatto.\",\"breadcrumb\":{\"@id\":\"https:\/\/www.magnetico.cloud\/sostieni-magnetico\/#breadcrumb\"},\"inLanguage\":\"fr-FR\",\"potentialAction\":[{\"@type\":\"ReadAction\",\"target\":[\"https:\/\/www.magnetico.cloud\/sostieni-magnetico\/\"]}]},{\"@type\":\"BreadcrumbList\",\"@id\":\"https:\/\/www.magnetico.cloud\/sostieni-magnetico\/#breadcrumb\",\"itemListElement\":[{\"@type\":\"ListItem\",\"position\":1,\"name\":\"Home\",\"item\":\"https:\/\/www.magnetico.cloud\/\"},{\"@type\":\"ListItem\",\"position\":2,\"name\":\"Sostieni Magnetico\"}]},{\"@type\":\"WebSite\",\"@id\":\"https:\/\/www.magnetico.cloud\/#website\",\"url\":\"https:\/\/www.magnetico.cloud\/\",\"name\":\"Magnetico Associazione Culturale\",\"description\":\"\",\"potentialAction\":[{\"@type\":\"SearchAction\",\"target\":{\"@type\":\"EntryPoint\",\"urlTemplate\":\"https:\/\/www.magnetico.cloud\/?s={search_term_string}\"},\"query-input\":{\"@type\":\"PropertyValueSpecification\",\"valueRequired\":true,\"valueName\":\"search_term_string\"}}],\"inLanguage\":\"fr-FR\"}]}<\/script>\n<!-- \/ Yoast SEO plugin. -->","yoast_head_json":{"title":"Sostienici | Supporta formazione e progetti culturali \u2013 Magnetico","description":"Sostieni Magnetico e contribuisci a formazione, borse di studio, innovazione e progetti culturali. Scopri come donare e moltiplica l\u2019impatto.","robots":{"index":"index","follow":"follow","max-snippet":"max-snippet:-1","max-image-preview":"max-image-preview:large","max-video-preview":"max-video-preview:-1"},"canonical":"https:\/\/www.magnetico.cloud\/fr\/sostieni-magnetico\/","og_locale":"fr_FR","og_type":"article","og_title":"Sostienici | Supporta formazione e progetti culturali \u2013 Magnetico","og_description":"Sostieni Magnetico e contribuisci a formazione, borse di studio, innovazione e progetti culturali. Scopri come donare e moltiplica l\u2019impatto.","og_url":"https:\/\/www.magnetico.cloud\/fr\/sostieni-magnetico\/","og_site_name":"Magnetico Associazione Culturale","article_modified_time":"2025-09-10T16:41:12+00:00","twitter_card":"summary_large_image","twitter_misc":{"Dur\u00e9e de lecture estim\u00e9e":"1 minute"},"schema":{"@context":"https:\/\/schema.org","@graph":[{"@type":"WebPage","@id":"https:\/\/www.magnetico.cloud\/sostieni-magnetico\/","url":"https:\/\/www.magnetico.cloud\/sostieni-magnetico\/","name":"Sostienici | Supporta formazione e progetti culturali \u2013 Magnetico","isPartOf":{"@id":"https:\/\/www.magnetico.cloud\/#website"},"datePublished":"2025-09-10T16:21:35+00:00","dateModified":"2025-09-10T16:41:12+00:00","description":"Sostieni Magnetico e contribuisci a formazione, borse di studio, innovazione e progetti culturali. Scopri come donare e moltiplica l\u2019impatto.","breadcrumb":{"@id":"https:\/\/www.magnetico.cloud\/sostieni-magnetico\/#breadcrumb"},"inLanguage":"fr-FR","potentialAction":[{"@type":"ReadAction","target":["https:\/\/www.magnetico.cloud\/sostieni-magnetico\/"]}]},{"@type":"BreadcrumbList","@id":"https:\/\/www.magnetico.cloud\/sostieni-magnetico\/#breadcrumb","itemListElement":[{"@type":"ListItem","position":1,"name":"Home","item":"https:\/\/www.magnetico.cloud\/"},{"@type":"ListItem","position":2,"name":"Sostieni Magnetico"}]},{"@type":"WebSite","@id":"https:\/\/www.magnetico.cloud\/#website","url":"https:\/\/www.magnetico.cloud\/","name":"Magnetico Association Culturelle","description":"","potentialAction":[{"@type":"SearchAction","target":{"@type":"EntryPoint","urlTemplate":"https:\/\/www.magnetico.cloud\/?s={search_term_string}"},"query-input":{"@type":"PropertyValueSpecification","valueRequired":true,"valueName":"search_term_string"}}],"inLanguage":"fr-FR"}]}},"_links":{"self":[{"href":"https:\/\/www.magnetico.cloud\/fr\/wp-json\/wp\/v2\/pages\/1163","targetHints":{"allow":["GET"]}}],"collection":[{"href":"https:\/\/www.magnetico.cloud\/fr\/wp-json\/wp\/v2\/pages"}],"about":[{"href":"https:\/\/www.magnetico.cloud\/fr\/wp-json\/wp\/v2\/types\/page"}],"author":[{"embeddable":true,"href":"https:\/\/www.magnetico.cloud\/fr\/wp-json\/wp\/v2\/users\/1"}],"replies":[{"embeddable":true,"href":"https:\/\/www.magnetico.cloud\/fr\/wp-json\/wp\/v2\/comments?post=1163"}],"version-history":[{"count":13,"href":"https:\/\/www.magnetico.cloud\/fr\/wp-json\/wp\/v2\/pages\/1163\/revisions"}],"predecessor-version":[{"id":1176,"href":"https:\/\/www.magnetico.cloud\/fr\/wp-json\/wp\/v2\/pages\/1163\/revisions\/1176"}],"wp:attachment":[{"href":"https:\/\/www.magnetico.cloud\/fr\/wp-json\/wp\/v2\/media?parent=1163"}],"curies":[{"name":"wp","href":"https:\/\/api.w.org\/{rel}","templated":true}]}}