{"id":15,"date":"2025-07-18T07:33:50","date_gmt":"2025-07-18T07:33:50","guid":{"rendered":"http:\/\/18.102.87.219\/index.php\/servizi-di-certificazione\/"},"modified":"2025-08-07T14:29:43","modified_gmt":"2025-08-07T14:29:43","slug":"servizi-certificazione-ict","status":"publish","type":"page","link":"https:\/\/www.magnetico.cloud\/fr\/servizi-certificazione-ict\/","title":{"rendered":"Services de Certification"},"content":{"rendered":"<div data-elementor-type=\"wp-page\" data-elementor-id=\"15\" class=\"elementor elementor-15\" data-elementor-post-type=\"page\">\n\t\t\t\t<div class=\"elementor-element elementor-element-78e9dc7 e-con-full e-flex e-con e-parent\" data-id=\"78e9dc7\" data-element_type=\"container\" data-e-type=\"container\">\n\t\t<div class=\"elementor-element elementor-element-5333de73 e-con-full e-flex e-con e-child\" data-id=\"5333de73\" data-element_type=\"container\" data-e-type=\"container\" data-settings=\"{&quot;background_background&quot;:&quot;classic&quot;}\">\n\t\t\t\t<div class=\"elementor-element elementor-element-9db53bd elementor-widget elementor-widget-heading\" data-id=\"9db53bd\" data-element_type=\"widget\" data-e-type=\"widget\" data-widget_type=\"heading.default\">\n\t\t\t\t\t<h1 class=\"elementor-heading-title elementor-size-default\">Services de Certification <\/h1>\t\t\t\t<\/div>\n\t\t\t\t<\/div>\n\t\t<div class=\"elementor-element elementor-element-5079fcb3 e-con-full e-flex e-con e-child\" data-id=\"5079fcb3\" data-element_type=\"container\" data-e-type=\"container\" data-settings=\"{&quot;background_background&quot;:&quot;classic&quot;}\">\n\t\t\t\t<div class=\"elementor-element elementor-element-3955d9b3 elementor-widget elementor-widget-text-editor\" data-id=\"3955d9b3\" data-element_type=\"widget\" data-e-type=\"widget\" data-widget_type=\"text-editor.default\">\n\t\t\t\t\t\t\t\t\t<p>Formations pour titres reconnus au niveau mondial<\/p>\t\t\t\t\t\t\t\t<\/div>\n\t\t\t\t<div class=\"elementor-element elementor-element-49594329 elementor-widget elementor-widget-text-editor\" data-id=\"49594329\" data-element_type=\"widget\" data-e-type=\"widget\" data-widget_type=\"text-editor.default\">\n\t\t\t\t\t\t\t\t\t<p>Dans un march\u00e9 du travail num\u00e9rique en constante \u00e9volution, les certifications TI repr\u00e9sentent une valeur concr\u00e8te et directement exploitable \u00e0 l\u2019\u00e9chelle internationale.\nObtenir une certification d\u00e9livr\u00e9e par un \u00e9diteur reconnu \u2013 comme Cisco, Fortinet, CompTIA, Microsoft, Huawei ou Check Point \u2013 signifie acqu\u00e9rir des comp\u00e9tences pratiques, actualis\u00e9es et imm\u00e9diatement applicables dans le monde professionnel.<\/p>\t\t\t\t\t\t\t\t<\/div>\n\t\t\t\t<\/div>\n\t\t\t\t<\/div>\n\t\t<div class=\"elementor-element elementor-element-4076db35 e-con-full e-flex e-con e-parent\" data-id=\"4076db35\" data-element_type=\"container\" data-e-type=\"container\">\n\t\t<div class=\"elementor-element elementor-element-470dc568 e-con-full e-flex e-con e-child\" data-id=\"470dc568\" data-element_type=\"container\" data-e-type=\"container\">\n\t\t\t\t<div class=\"elementor-element elementor-element-c26a57 elementor-widget elementor-widget-heading\" data-id=\"c26a57\" data-element_type=\"widget\" data-e-type=\"widget\" data-widget_type=\"heading.default\">\n\t\t\t\t\t<h2 class=\"elementor-heading-title elementor-size-default\">Pourquoi se certifier?<\/h2>\t\t\t\t<\/div>\n\t\t\t\t<div class=\"elementor-element elementor-element-2d501c15 elementor-widget elementor-widget-text-editor\" data-id=\"2d501c15\" data-element_type=\"widget\" data-e-type=\"widget\" data-widget_type=\"text-editor.default\">\n\t\t\t\t\t\t\t\t\t<p>Pour les jeunes<\/p>\t\t\t\t\t\t\t\t<\/div>\n\t\t\t\t<div class=\"elementor-element elementor-element-5adaa437 elementor-widget elementor-widget-text-editor\" data-id=\"5adaa437\" data-element_type=\"widget\" data-e-type=\"widget\" data-widget_type=\"text-editor.default\">\n\t\t\t\t\t\t\t\t\t<ul><li>enrichir son CV avec des comp\u00e9tences certifi\u00e9es;<\/li><li>int\u00e9grer plus facilement les secteurs du networking, de la cybers\u00e9curit\u00e9 et de l\u2019administration syst\u00e8mes;<\/li><li>acc\u00e9der \u00e0 de r\u00e9elles opportunit\u00e9s d\u2019emploi d\u00e8s la fin du parcours de formation.<\/li><\/ul>\t\t\t\t\t\t\t\t<\/div>\n\t\t\t\t<div class=\"elementor-element elementor-element-6f8cc389 elementor-widget elementor-widget-text-editor\" data-id=\"6f8cc389\" data-element_type=\"widget\" data-e-type=\"widget\" data-widget_type=\"text-editor.default\">\n\t\t\t\t\t\t\t\t\t<p>Pour les professionnels<\/p>\t\t\t\t\t\t\t\t<\/div>\n\t\t\t\t<div class=\"elementor-element elementor-element-509aef13 elementor-widget elementor-widget-text-editor\" data-id=\"509aef13\" data-element_type=\"widget\" data-e-type=\"widget\" data-widget_type=\"text-editor.default\">\n\t\t\t\t\t\t\t\t\t<ul><li>rester \u00e0 jour sur les technologies \u00e9mergentes;<\/li><li>consolider des comp\u00e9tences cl\u00e9s;<\/li><li>obtenir de nouvelles qualifications pour \u00e9voluer dans sa carri\u00e8re;<\/li><li>r\u00e9pondre aux exigences de conformit\u00e9 des entreprises et des clients.<\/li><\/ul>\t\t\t\t\t\t\t\t<\/div>\n\t\t\t\t<\/div>\n\t\t<div class=\"elementor-element elementor-element-34d3235e e-con-full e-flex e-con e-child\" data-id=\"34d3235e\" data-element_type=\"container\" data-e-type=\"container\" data-settings=\"{&quot;background_background&quot;:&quot;classic&quot;}\">\n\t\t\t\t<div class=\"elementor-element elementor-element-49c8e683 elementor-widget elementor-widget-heading\" data-id=\"49c8e683\" data-element_type=\"widget\" data-e-type=\"widget\" data-widget_type=\"heading.default\">\n\t\t\t\t\t<h2 class=\"elementor-heading-title elementor-size-default\">Parcours pr\u00e9paratoires<\/h2>\t\t\t\t<\/div>\n\t\t\t\t<div class=\"elementor-element elementor-element-506e4abd elementor-widget elementor-widget-text-editor\" data-id=\"506e4abd\" data-element_type=\"widget\" data-e-type=\"widget\" data-widget_type=\"text-editor.default\">\n\t\t\t\t\t\t\t\t\t<p>Les parcours sont con\u00e7us pour offrir une pr\u00e9paration compl\u00e8te \u00e0 l\u2019examen officiel, incluant:<br \/>\u2013 supports p\u00e9dagogiques officiels;<br \/>\u2013 simulations d\u2019examen;<br \/>\u2013 exercices pratiques encadr\u00e9s par des formateurs certifi\u00e9s.<\/p>\t\t\t\t\t\t\t\t<\/div>\n\t\t\t\t<div class=\"elementor-element elementor-element-50c5d9c9 elementor-widget elementor-widget-text-editor\" data-id=\"50c5d9c9\" data-element_type=\"widget\" data-e-type=\"widget\" data-widget_type=\"text-editor.default\">\n\t\t\t\t\t\t\t\t\t<p>Les certifications propos\u00e9es couvrent les principaux domaines:<\/p>\t\t\t\t\t\t\t\t<\/div>\n\t\t\t\t<div class=\"elementor-element elementor-element-612c54e9 elementor-icon-list--layout-traditional elementor-list-item-link-full_width elementor-widget elementor-widget-icon-list\" data-id=\"612c54e9\" data-element_type=\"widget\" data-e-type=\"widget\" data-widget_type=\"icon-list.default\">\n\t\t\t\t\t\t\t<ul class=\"elementor-icon-list-items\">\n\t\t\t\t\t\t\t<li class=\"elementor-icon-list-item\">\n\t\t\t\t\t\t\t\t\t\t\t<span class=\"elementor-icon-list-icon\">\n\t\t\t\t\t\t\t<svg aria-hidden=\"true\" class=\"e-font-icon-svg e-fas-square-full\" viewbox=\"0 0 512 512\" xmlns=\"http:\/\/www.w3.org\/2000\/svg\"><path d=\"M512 512H0V0h512v512z\"><\/path><\/svg>\t\t\t\t\t\t<\/span>\n\t\t\t\t\t\t\t\t\t\t<span class=\"elementor-icon-list-text\">R\u00e9seaux &amp; networking (ex. Cisco CCNA)<\/span>\n\t\t\t\t\t\t\t\t\t<\/li>\n\t\t\t\t\t\t\t\t<li class=\"elementor-icon-list-item\">\n\t\t\t\t\t\t\t\t\t\t\t<span class=\"elementor-icon-list-icon\">\n\t\t\t\t\t\t\t<svg aria-hidden=\"true\" class=\"e-font-icon-svg e-fas-square-full\" viewbox=\"0 0 512 512\" xmlns=\"http:\/\/www.w3.org\/2000\/svg\"><path d=\"M512 512H0V0h512v512z\"><\/path><\/svg>\t\t\t\t\t\t<\/span>\n\t\t\t\t\t\t\t\t\t\t<span class=\"elementor-icon-list-text\">Cybers\u00e9curit\u00e9 (ex. Fortinet NSE)<\/span>\n\t\t\t\t\t\t\t\t\t<\/li>\n\t\t\t\t\t\t\t\t<li class=\"elementor-icon-list-item\">\n\t\t\t\t\t\t\t\t\t\t\t<span class=\"elementor-icon-list-icon\">\n\t\t\t\t\t\t\t<svg aria-hidden=\"true\" class=\"e-font-icon-svg e-fas-square-full\" viewbox=\"0 0 512 512\" xmlns=\"http:\/\/www.w3.org\/2000\/svg\"><path d=\"M512 512H0V0h512v512z\"><\/path><\/svg>\t\t\t\t\t\t<\/span>\n\t\t\t\t\t\t\t\t\t\t<span class=\"elementor-icon-list-text\">Syst\u00e8mes d\u2019exploitation et gestion TI (ex. Microsoft, CompTIA)<\/span>\n\t\t\t\t\t\t\t\t\t<\/li>\n\t\t\t\t\t\t\t\t<li class=\"elementor-icon-list-item\">\n\t\t\t\t\t\t\t\t\t\t\t<span class=\"elementor-icon-list-icon\">\n\t\t\t\t\t\t\t<svg aria-hidden=\"true\" class=\"e-font-icon-svg e-fas-square-full\" viewbox=\"0 0 512 512\" xmlns=\"http:\/\/www.w3.org\/2000\/svg\"><path d=\"M512 512H0V0h512v512z\"><\/path><\/svg>\t\t\t\t\t\t<\/span>\n\t\t\t\t\t\t\t\t\t\t<span class=\"elementor-icon-list-text\">Cloud, IoT et infrastructures num\u00e9riques<\/span>\n\t\t\t\t\t\t\t\t\t<\/li>\n\t\t\t\t\t\t<\/ul>\n\t\t\t\t\t\t<\/div>\n\t\t\t\t<\/div>\n\t\t\t\t<\/div>\n\t\t<div class=\"elementor-element elementor-element-5c3d34ef e-con-full e-flex e-con e-parent\" data-id=\"5c3d34ef\" data-element_type=\"container\" data-e-type=\"container\">\n\t\t<div class=\"elementor-element elementor-element-498dc1bd e-con-full e-flex e-con e-child\" data-id=\"498dc1bd\" data-element_type=\"container\" data-e-type=\"container\">\n\t\t\t\t<div class=\"elementor-element elementor-element-34acec6b elementor-widget elementor-widget-heading\" data-id=\"34acec6b\" data-element_type=\"widget\" data-e-type=\"widget\" data-widget_type=\"heading.default\">\n\t\t\t\t\t<h2 class=\"elementor-heading-title elementor-size-default\">En collaboration avec Persec s.r.l. | Centre PearsonVUE<\/h2>\t\t\t\t<\/div>\n\t\t\t\t<div class=\"elementor-element elementor-element-77206a5b elementor-widget elementor-widget-text-editor\" data-id=\"77206a5b\" data-element_type=\"widget\" data-e-type=\"widget\" data-widget_type=\"text-editor.default\">\n\t\t\t\t\t\t\t\t\t<p>Pour garantir la plus haute qualit\u00e9 et l\u2019officialit\u00e9 du parcours, Magnetico collabore avec Persec s.r.l. (<a href=\"https:\/\/www.persec.it\/\" target=\"_blank\" rel=\"noopener\">www.persec.it<\/a>), soci\u00e9t\u00e9 accr\u00e9dit\u00e9e pour l\u2019organisation des examens via le r\u00e9seau PearsonVUE (<a href=\"https:\/\/www.pearsonvue.com\/\" target=\"_blank\" rel=\"noopener\">www.pearsonvue.com<\/a>), leader mondial de la certification TIC.<\/p><p>Gr\u00e2ce \u00e0 ce partenariat, les apprenants peuvent:<br \/>\u2013 suivre la formation avec des enseignants experts;<br \/>\u2013 passer l\u2019examen final dans un centre agr\u00e9\u00e9;<br \/>\u2013 obtenir un titre reconnu au niveau international.<\/p>\t\t\t\t\t\t\t\t<\/div>\n\t\t\t\t<\/div>\n\t\t<div class=\"elementor-element elementor-element-ebdccce e-con-full e-flex e-con e-child\" data-id=\"ebdccce\" data-element_type=\"container\" data-e-type=\"container\">\n\t\t\t\t<div class=\"elementor-element elementor-element-3f5add0 elementor-widget elementor-widget-image\" data-id=\"3f5add0\" data-element_type=\"widget\" data-e-type=\"widget\" data-widget_type=\"image.default\">\n\t\t\t\t\t\t\t\t\t\t\t\t\t\t\t<img fetchpriority=\"high\" decoding=\"async\" width=\"444\" height=\"444\" src=\"https:\/\/www.magnetico.cloud\/wp-content\/uploads\/2025\/07\/loghi-partner-06-cert.jpg\" class=\"attachment-full size-full wp-image-304\" alt=\"certificazioni ICT Cisco Fortinet Microsoft\" srcset=\"https:\/\/www.magnetico.cloud\/wp-content\/uploads\/2025\/07\/loghi-partner-06-cert.jpg 444w, https:\/\/www.magnetico.cloud\/wp-content\/uploads\/2025\/07\/loghi-partner-06-cert-300x300.jpg 300w, https:\/\/www.magnetico.cloud\/wp-content\/uploads\/2025\/07\/loghi-partner-06-cert-150x150.jpg 150w\" sizes=\"(max-width: 444px) 100vw, 444px\" \/>\t\t\t\t\t\t\t\t\t\t\t\t\t\t\t<\/div>\n\t\t\t\t<div class=\"elementor-element elementor-element-5440e56 elementor-widget elementor-widget-image\" data-id=\"5440e56\" data-element_type=\"widget\" data-e-type=\"widget\" data-widget_type=\"image.default\">\n\t\t\t\t\t\t\t\t\t\t\t\t\t\t\t<img decoding=\"async\" width=\"444\" height=\"444\" src=\"https:\/\/www.magnetico.cloud\/wp-content\/uploads\/2025\/07\/loghi-partner-07-cert.jpg\" class=\"attachment-full size-full wp-image-305\" alt=\"certificazioni ICT Cisco Fortinet Microsoft\" srcset=\"https:\/\/www.magnetico.cloud\/wp-content\/uploads\/2025\/07\/loghi-partner-07-cert.jpg 444w, https:\/\/www.magnetico.cloud\/wp-content\/uploads\/2025\/07\/loghi-partner-07-cert-300x300.jpg 300w, https:\/\/www.magnetico.cloud\/wp-content\/uploads\/2025\/07\/loghi-partner-07-cert-150x150.jpg 150w\" sizes=\"(max-width: 444px) 100vw, 444px\" \/>\t\t\t\t\t\t\t\t\t\t\t\t\t\t\t<\/div>\n\t\t\t\t<\/div>\n\t\t\t\t<\/div>\n\t\t<div class=\"elementor-element elementor-element-4cfe0d6c e-con-full e-flex e-con e-parent\" data-id=\"4cfe0d6c\" data-element_type=\"container\" data-e-type=\"container\" data-settings=\"{&quot;background_background&quot;:&quot;classic&quot;}\">\n\t\t<div class=\"elementor-element elementor-element-6747dc9d e-con-full e-flex e-con e-child\" data-id=\"6747dc9d\" data-element_type=\"container\" data-e-type=\"container\">\n\t\t\t\t<div class=\"elementor-element elementor-element-3864459f elementor-widget elementor-widget-heading\" data-id=\"3864459f\" data-element_type=\"widget\" data-e-type=\"widget\" data-widget_type=\"heading.default\">\n\t\t\t\t\t<h2 class=\"elementor-heading-title elementor-size-default\">Contactez-nous <\/h2>\t\t\t\t<\/div>\n\t\t\t\t<div class=\"elementor-element elementor-element-b4b562f elementor-widget elementor-widget-text-editor\" data-id=\"b4b562f\" data-element_type=\"widget\" data-e-type=\"widget\" data-widget_type=\"text-editor.default\">\n\t\t\t\t\t\t\t\t\t<p>Pour recevoir le calendrier des cours \u00e0 venir et choisir la certification la mieux adapt\u00e9e \u00e0 votre profil.<\/p>\t\t\t\t\t\t\t\t<\/div>\n\t\t\t\t<div class=\"elementor-element elementor-element-41ec4e54 elementor-align-start elementor-icon-list--layout-traditional elementor-list-item-link-full_width elementor-widget elementor-widget-icon-list\" data-id=\"41ec4e54\" data-element_type=\"widget\" data-e-type=\"widget\" data-widget_type=\"icon-list.default\">\n\t\t\t\t\t\t\t<ul class=\"elementor-icon-list-items\">\n\t\t\t\t\t\t\t<li class=\"elementor-icon-list-item\">\n\t\t\t\t\t\t\t\t\t\t\t<a href=\"tel:+39800662508\">\n\n\t\t\t\t\t\t\t\t\t\t\t\t<span class=\"elementor-icon-list-icon\">\n\t\t\t\t\t\t\t<svg aria-hidden=\"true\" class=\"e-font-icon-svg e-fas-phone-alt\" viewbox=\"0 0 512 512\" xmlns=\"http:\/\/www.w3.org\/2000\/svg\"><path d=\"M497.39 361.8l-112-48a24 24 0 0 0-28 6.9l-49.6 60.6A370.66 370.66 0 0 1 130.6 204.11l60.6-49.6a23.94 23.94 0 0 0 6.9-28l-48-112A24.16 24.16 0 0 0 122.6.61l-104 24A24 24 0 0 0 0 48c0 256.5 207.9 464 464 464a24 24 0 0 0 23.4-18.6l24-104a24.29 24.29 0 0 0-14.01-27.6z\"><\/path><\/svg>\t\t\t\t\t\t<\/span>\n\t\t\t\t\t\t\t\t\t\t<span class=\"elementor-icon-list-text\">APPELEZ: 800 662 508<\/span>\n\t\t\t\t\t\t\t\t\t\t\t<\/a>\n\t\t\t\t\t\t\t\t\t<\/li>\n\t\t\t\t\t\t\t\t<li class=\"elementor-icon-list-item\">\n\t\t\t\t\t\t\t\t\t\t\t<a href=\"mailto:segreteria@magnetico.cloud\">\n\n\t\t\t\t\t\t\t\t\t\t\t\t<span class=\"elementor-icon-list-icon\">\n\t\t\t\t\t\t\t<svg aria-hidden=\"true\" class=\"e-font-icon-svg e-far-envelope-open\" viewbox=\"0 0 512 512\" xmlns=\"http:\/\/www.w3.org\/2000\/svg\"><path d=\"M494.586 164.516c-4.697-3.883-111.723-89.95-135.251-108.657C337.231 38.191 299.437 0 256 0c-43.205 0-80.636 37.717-103.335 55.859-24.463 19.45-131.07 105.195-135.15 108.549A48.004 48.004 0 0 0 0 201.485V464c0 26.51 21.49 48 48 48h416c26.51 0 48-21.49 48-48V201.509a48 48 0 0 0-17.414-36.993zM464 458a6 6 0 0 1-6 6H54a6 6 0 0 1-6-6V204.347c0-1.813.816-3.526 2.226-4.665 15.87-12.814 108.793-87.554 132.364-106.293C200.755 78.88 232.398 48 256 48c23.693 0 55.857 31.369 73.41 45.389 23.573 18.741 116.503 93.493 132.366 106.316a5.99 5.99 0 0 1 2.224 4.663V458zm-31.991-187.704c4.249 5.159 3.465 12.795-1.745 16.981-28.975 23.283-59.274 47.597-70.929 56.863C336.636 362.283 299.205 400 256 400c-43.452 0-81.287-38.237-103.335-55.86-11.279-8.967-41.744-33.413-70.927-56.865-5.21-4.187-5.993-11.822-1.745-16.981l15.258-18.528c4.178-5.073 11.657-5.843 16.779-1.726 28.618 23.001 58.566 47.035 70.56 56.571C200.143 320.631 232.307 352 256 352c23.602 0 55.246-30.88 73.41-45.389 11.994-9.535 41.944-33.57 70.563-56.568 5.122-4.116 12.601-3.346 16.778 1.727l15.258 18.526z\"><\/path><\/svg>\t\t\t\t\t\t<\/span>\n\t\t\t\t\t\t\t\t\t\t<span class=\"elementor-icon-list-text\">\u00c9CRIVEZ-NOUS<\/span>\n\t\t\t\t\t\t\t\t\t\t\t<\/a>\n\t\t\t\t\t\t\t\t\t<\/li>\n\t\t\t\t\t\t<\/ul>\n\t\t\t\t\t\t<\/div>\n\t\t\t\t<\/div>\n\t\t<div class=\"elementor-element elementor-element-4e083a13 e-con-full elementor-hidden-mobile e-flex e-con e-child\" data-id=\"4e083a13\" data-element_type=\"container\" data-e-type=\"container\">\n\t\t\t\t<\/div>\n\t\t\t\t<\/div>\n\t\t\t\t<\/div>","protected":false},"excerpt":{"rendered":"<p>Servizi di Certificazione Corsi per titoli riconosciuti a livello globale Nel mondo del lavoro digitale in continua evoluzione, le certificazioni IT rappresentano un valore concreto e spendibile a livello internazionale. Ottenere una certificazione da un vendor riconosciuto \u2013 come Cisco, Fortinet, CompTIA, Microsoft, Huawei, Check Point \u2013 significa acquisire competenze pratiche, aggiornate e immediatamente applicabili [&hellip;]<\/p>","protected":false},"author":1,"featured_media":0,"parent":0,"menu_order":0,"comment_status":"closed","ping_status":"closed","template":"elementor_header_footer","meta":{"footnotes":""},"class_list":["post-15","page","type-page","status-publish","hentry"],"yoast_head":"<!-- This site is optimized with the Yoast SEO plugin v26.9 - https:\/\/yoast.com\/product\/yoast-seo-wordpress\/ -->\n<title>Certificazioni ICT Cisco, Fortinet, Microsoft | Magnetico<\/title>\n<meta name=\"description\" content=\"Corsi per certificazioni ICT Cisco, Fortinet, Microsoft, CompTIA e altri vendor. Preparazione completa con materiali ufficiali.\" \/>\n<meta name=\"robots\" content=\"index, follow, max-snippet:-1, max-image-preview:large, max-video-preview:-1\" \/>\n<link rel=\"canonical\" href=\"https:\/\/www.magnetico.cloud\/fr\/servizi-certificazione-ict\/\" \/>\n<meta property=\"og:locale\" content=\"fr_FR\" \/>\n<meta property=\"og:type\" content=\"article\" \/>\n<meta property=\"og:title\" content=\"Certificazioni ICT Cisco, Fortinet, Microsoft | Magnetico\" \/>\n<meta property=\"og:description\" content=\"Corsi per certificazioni ICT Cisco, Fortinet, Microsoft, CompTIA e altri vendor. Preparazione completa con materiali ufficiali.\" \/>\n<meta property=\"og:url\" content=\"https:\/\/www.magnetico.cloud\/fr\/servizi-certificazione-ict\/\" \/>\n<meta property=\"og:site_name\" content=\"Magnetico Associazione Culturale\" \/>\n<meta property=\"article:modified_time\" content=\"2025-08-07T14:29:43+00:00\" \/>\n<meta property=\"og:image\" content=\"https:\/\/www.magnetico.cloud\/wp-content\/uploads\/2025\/07\/loghi-partner-06-cert.jpg\" \/>\n<meta name=\"twitter:card\" content=\"summary_large_image\" \/>\n<meta name=\"twitter:label1\" content=\"Dur\u00e9e de lecture estim\u00e9e\" \/>\n\t<meta name=\"twitter:data1\" content=\"2 minutes\" \/>\n<script type=\"application\/ld+json\" class=\"yoast-schema-graph\">{\"@context\":\"https:\/\/schema.org\",\"@graph\":[{\"@type\":\"WebPage\",\"@id\":\"https:\/\/www.magnetico.cloud\/servizi-certificazione-ict\/\",\"url\":\"https:\/\/www.magnetico.cloud\/servizi-certificazione-ict\/\",\"name\":\"Certificazioni ICT Cisco, Fortinet, Microsoft | Magnetico\",\"isPartOf\":{\"@id\":\"https:\/\/www.magnetico.cloud\/#website\"},\"primaryImageOfPage\":{\"@id\":\"https:\/\/www.magnetico.cloud\/servizi-certificazione-ict\/#primaryimage\"},\"image\":{\"@id\":\"https:\/\/www.magnetico.cloud\/servizi-certificazione-ict\/#primaryimage\"},\"thumbnailUrl\":\"https:\/\/www.magnetico.cloud\/wp-content\/uploads\/2025\/07\/loghi-partner-06-cert.jpg\",\"datePublished\":\"2025-07-18T07:33:50+00:00\",\"dateModified\":\"2025-08-07T14:29:43+00:00\",\"description\":\"Corsi per certificazioni ICT Cisco, Fortinet, Microsoft, CompTIA e altri vendor. Preparazione completa con materiali ufficiali.\",\"breadcrumb\":{\"@id\":\"https:\/\/www.magnetico.cloud\/servizi-certificazione-ict\/#breadcrumb\"},\"inLanguage\":\"fr-FR\",\"potentialAction\":[{\"@type\":\"ReadAction\",\"target\":[\"https:\/\/www.magnetico.cloud\/servizi-certificazione-ict\/\"]}]},{\"@type\":\"ImageObject\",\"inLanguage\":\"fr-FR\",\"@id\":\"https:\/\/www.magnetico.cloud\/servizi-certificazione-ict\/#primaryimage\",\"url\":\"https:\/\/www.magnetico.cloud\/wp-content\/uploads\/2025\/07\/loghi-partner-06-cert.jpg\",\"contentUrl\":\"https:\/\/www.magnetico.cloud\/wp-content\/uploads\/2025\/07\/loghi-partner-06-cert.jpg\"},{\"@type\":\"BreadcrumbList\",\"@id\":\"https:\/\/www.magnetico.cloud\/servizi-certificazione-ict\/#breadcrumb\",\"itemListElement\":[{\"@type\":\"ListItem\",\"position\":1,\"name\":\"Home\",\"item\":\"https:\/\/www.magnetico.cloud\/\"},{\"@type\":\"ListItem\",\"position\":2,\"name\":\"Servizi di Certificazione\"}]},{\"@type\":\"WebSite\",\"@id\":\"https:\/\/www.magnetico.cloud\/#website\",\"url\":\"https:\/\/www.magnetico.cloud\/\",\"name\":\"Magnetico Associazione Culturale\",\"description\":\"\",\"potentialAction\":[{\"@type\":\"SearchAction\",\"target\":{\"@type\":\"EntryPoint\",\"urlTemplate\":\"https:\/\/www.magnetico.cloud\/?s={search_term_string}\"},\"query-input\":{\"@type\":\"PropertyValueSpecification\",\"valueRequired\":true,\"valueName\":\"search_term_string\"}}],\"inLanguage\":\"fr-FR\"}]}<\/script>\n<!-- \/ Yoast SEO plugin. -->","yoast_head_json":{"title":"Certificazioni ICT Cisco, Fortinet, Microsoft | Magnetico","description":"Corsi per certificazioni ICT Cisco, Fortinet, Microsoft, CompTIA e altri vendor. Preparazione completa con materiali ufficiali.","robots":{"index":"index","follow":"follow","max-snippet":"max-snippet:-1","max-image-preview":"max-image-preview:large","max-video-preview":"max-video-preview:-1"},"canonical":"https:\/\/www.magnetico.cloud\/fr\/servizi-certificazione-ict\/","og_locale":"fr_FR","og_type":"article","og_title":"Certificazioni ICT Cisco, Fortinet, Microsoft | Magnetico","og_description":"Corsi per certificazioni ICT Cisco, Fortinet, Microsoft, CompTIA e altri vendor. Preparazione completa con materiali ufficiali.","og_url":"https:\/\/www.magnetico.cloud\/fr\/servizi-certificazione-ict\/","og_site_name":"Magnetico Associazione Culturale","article_modified_time":"2025-08-07T14:29:43+00:00","og_image":[{"url":"https:\/\/www.magnetico.cloud\/wp-content\/uploads\/2025\/07\/loghi-partner-06-cert.jpg","type":"","width":"","height":""}],"twitter_card":"summary_large_image","twitter_misc":{"Dur\u00e9e de lecture estim\u00e9e":"2 minutes"},"schema":{"@context":"https:\/\/schema.org","@graph":[{"@type":"WebPage","@id":"https:\/\/www.magnetico.cloud\/servizi-certificazione-ict\/","url":"https:\/\/www.magnetico.cloud\/servizi-certificazione-ict\/","name":"Certificazioni ICT Cisco, Fortinet, Microsoft | Magnetico","isPartOf":{"@id":"https:\/\/www.magnetico.cloud\/#website"},"primaryImageOfPage":{"@id":"https:\/\/www.magnetico.cloud\/servizi-certificazione-ict\/#primaryimage"},"image":{"@id":"https:\/\/www.magnetico.cloud\/servizi-certificazione-ict\/#primaryimage"},"thumbnailUrl":"https:\/\/www.magnetico.cloud\/wp-content\/uploads\/2025\/07\/loghi-partner-06-cert.jpg","datePublished":"2025-07-18T07:33:50+00:00","dateModified":"2025-08-07T14:29:43+00:00","description":"Corsi per certificazioni ICT Cisco, Fortinet, Microsoft, CompTIA e altri vendor. Preparazione completa con materiali ufficiali.","breadcrumb":{"@id":"https:\/\/www.magnetico.cloud\/servizi-certificazione-ict\/#breadcrumb"},"inLanguage":"fr-FR","potentialAction":[{"@type":"ReadAction","target":["https:\/\/www.magnetico.cloud\/servizi-certificazione-ict\/"]}]},{"@type":"ImageObject","inLanguage":"fr-FR","@id":"https:\/\/www.magnetico.cloud\/servizi-certificazione-ict\/#primaryimage","url":"https:\/\/www.magnetico.cloud\/wp-content\/uploads\/2025\/07\/loghi-partner-06-cert.jpg","contentUrl":"https:\/\/www.magnetico.cloud\/wp-content\/uploads\/2025\/07\/loghi-partner-06-cert.jpg"},{"@type":"BreadcrumbList","@id":"https:\/\/www.magnetico.cloud\/servizi-certificazione-ict\/#breadcrumb","itemListElement":[{"@type":"ListItem","position":1,"name":"Home","item":"https:\/\/www.magnetico.cloud\/"},{"@type":"ListItem","position":2,"name":"Servizi di Certificazione"}]},{"@type":"WebSite","@id":"https:\/\/www.magnetico.cloud\/#website","url":"https:\/\/www.magnetico.cloud\/","name":"Magnetico Association Culturelle","description":"","potentialAction":[{"@type":"SearchAction","target":{"@type":"EntryPoint","urlTemplate":"https:\/\/www.magnetico.cloud\/?s={search_term_string}"},"query-input":{"@type":"PropertyValueSpecification","valueRequired":true,"valueName":"search_term_string"}}],"inLanguage":"fr-FR"}]}},"_links":{"self":[{"href":"https:\/\/www.magnetico.cloud\/fr\/wp-json\/wp\/v2\/pages\/15","targetHints":{"allow":["GET"]}}],"collection":[{"href":"https:\/\/www.magnetico.cloud\/fr\/wp-json\/wp\/v2\/pages"}],"about":[{"href":"https:\/\/www.magnetico.cloud\/fr\/wp-json\/wp\/v2\/types\/page"}],"author":[{"embeddable":true,"href":"https:\/\/www.magnetico.cloud\/fr\/wp-json\/wp\/v2\/users\/1"}],"replies":[{"embeddable":true,"href":"https:\/\/www.magnetico.cloud\/fr\/wp-json\/wp\/v2\/comments?post=15"}],"version-history":[{"count":22,"href":"https:\/\/www.magnetico.cloud\/fr\/wp-json\/wp\/v2\/pages\/15\/revisions"}],"predecessor-version":[{"id":628,"href":"https:\/\/www.magnetico.cloud\/fr\/wp-json\/wp\/v2\/pages\/15\/revisions\/628"}],"wp:attachment":[{"href":"https:\/\/www.magnetico.cloud\/fr\/wp-json\/wp\/v2\/media?parent=15"}],"curies":[{"name":"wp","href":"https:\/\/api.w.org\/{rel}","templated":true}]}}