{"id":160,"date":"2025-07-18T10:23:41","date_gmt":"2025-07-18T10:23:41","guid":{"rendered":"http:\/\/18.102.87.219\/index.php\/cookie-policy-2\/"},"modified":"2025-08-07T14:30:22","modified_gmt":"2025-08-07T14:30:22","slug":"cookie-policy-2","status":"publish","type":"page","link":"https:\/\/www.magnetico.cloud\/fr\/cookie-policy-2\/","title":{"rendered":"Politique de Cookies"},"content":{"rendered":"<div data-elementor-type=\"wp-page\" data-elementor-id=\"160\" class=\"elementor elementor-160\" data-elementor-post-type=\"page\">\n\t\t\t\t<div class=\"elementor-element elementor-element-1ff8bf77 e-flex e-con-boxed e-con e-parent\" data-id=\"1ff8bf77\" data-element_type=\"container\" data-e-type=\"container\">\n\t\t\t\t\t<div class=\"e-con-inner\">\n\t\t\t\t<div class=\"elementor-element elementor-element-4ce364e elementor-widget elementor-widget-text-editor\" data-id=\"4ce364e\" data-element_type=\"widget\" data-e-type=\"widget\" data-widget_type=\"text-editor.default\">\n\t\t\t\t\t\t\t\t\t<p><strong>Politique de Cookies<\/strong><\/p><p><strong>Qu\u2019est-ce qu\u2019un cookie?<\/strong><\/p><p>Les cookies sont de petits fichiers texte qu\u2019un site web envoie au terminal de l\u2019utilisateur, o\u00f9 ils sont stock\u00e9s avant d\u2019\u00eatre retransmis au m\u00eame site lors d\u2019une visite ult\u00e9rieure.<\/p><p><strong>Cookies utilis\u00e9s par le pr\u00e9sent site<\/strong><\/p><p>Le site <strong>n\u2019utilisant pas de cookies de profilage<\/strong> et <strong>n\u2019effectue aucun suivi des utilisateurs \u00e0 des fins publicitaires ou analytiques.<\/strong>.<\/p><p>Cependant, les cookies techniques suivants peuvent \u00eatre utilis\u00e9s:<\/p><ol><li><strong>Cookies techniques<\/strong><\/li><\/ol><p>Indispensables au fonctionnement du site (p. ex. gestion de la session utilisateur, pr\u00e9f\u00e9rences de navigation, s\u00e9curit\u00e9). Ils ne n\u00e9cessitent pas le consentement pr\u00e9alable de l\u2019utilisateur.<\/p><p>\u00a0<\/p><ol start=\"2\"><li><strong>Cookies tiers<\/strong><\/li><\/ol><ul><li><strong>Google Maps<\/strong>: une carte interactive est int\u00e9gr\u00e9e dans les pages \u00abContacts\u00bb et \u00abTechnopole\u00bb. Ce service peut installer des cookies et entra\u00eener un transfert de donn\u00e9es vers des pays hors UE. Pour plus d\u2019informations: <a href=\"https:\/\/policies.google.com\/privacy\">https:\/\/policies.google.com\/privacy<\/a><\/li><li><strong>Google Fonts<\/strong>: le site utilise des polices fournies par Google, charg\u00e9es depuis fonts.googleapis.com. Ce service implique \u00e9galement la transmission de l\u2019adresse IP et peut installer des cookies techniques \u00e9mis par Google.<\/li><\/ul><p><strong>Consentement<\/strong><\/p><p>Le site <strong>n\u2019utilisant pas de cookies de profilage<\/strong>, le recueil pr\u00e9alable du consentement <strong>n\u2019est pas obligatoire<\/strong>. Toutefois, avec l\u2019activation du module <strong>CookieYes<\/strong> une banni\u00e8re d\u2019information sera affich\u00e9e afin de garantir une plus grande transparence et de permettre, le cas \u00e9ch\u00e9ant, le blocage pr\u00e9alable des cookies tiers.<\/p><p><strong>Gestion des cookies dans le navigateur<\/strong><\/p><p>L\u2019utilisateur peut \u00e0 tout moment g\u00e9rer ou d\u00e9sactiver les cookies via les param\u00e8tres de son navigateur:<\/p><ul><li><a href=\"https:\/\/support.google.com\/chrome\/answer\/95647?hl=it\">Chrome<\/a><\/li><li><a href=\"https:\/\/support.mozilla.org\/it\/kb\/Gestione%20dei%20cookie\">Firefox<\/a><\/li><li><a href=\"https:\/\/support.apple.com\/it-it\/HT201265\">Safari<\/a><\/li><li><a href=\"https:\/\/support.microsoft.com\/it-it\/help\/17442\">Edge<\/a><\/li><\/ul>\t\t\t\t\t\t\t\t<\/div>\n\t\t\t\t\t<\/div>\n\t\t\t\t<\/div>\n\t\t\t\t<\/div>","protected":false},"excerpt":{"rendered":"<p>Cookie Policy Cosa sono i cookie? I cookie sono piccoli file di testo che i siti web inviano al terminale dell\u2019utente, dove vengono memorizzati per essere poi ritrasmessi agli stessi siti alla visita successiva. Cookie utilizzati da questo sito Il presente sito non utilizza cookie di profilazione e non effettua tracciamento degli utenti a fini [&hellip;]<\/p>","protected":false},"author":1,"featured_media":0,"parent":0,"menu_order":0,"comment_status":"closed","ping_status":"closed","template":"elementor_header_footer","meta":{"footnotes":""},"class_list":["post-160","page","type-page","status-publish","hentry"],"yoast_head":"<!-- This site is optimized with the Yoast SEO plugin v26.9 - https:\/\/yoast.com\/product\/yoast-seo-wordpress\/ -->\n<title>Cookie Policy - Magnetico Associazione Culturale<\/title>\n<meta name=\"robots\" content=\"noindex, nofollow\" \/>\n<meta property=\"og:locale\" content=\"fr_FR\" \/>\n<meta property=\"og:type\" content=\"article\" \/>\n<meta property=\"og:title\" content=\"Cookie Policy - Magnetico Associazione Culturale\" \/>\n<meta property=\"og:description\" content=\"Cookie Policy Cosa sono i cookie? I cookie sono piccoli file di testo che i siti web inviano al terminale dell\u2019utente, dove vengono memorizzati per essere poi ritrasmessi agli stessi siti alla visita successiva. Cookie utilizzati da questo sito Il presente sito non utilizza cookie di profilazione e non effettua tracciamento degli utenti a fini [&hellip;]\" \/>\n<meta property=\"og:url\" content=\"https:\/\/www.magnetico.cloud\/fr\/cookie-policy-2\/\" \/>\n<meta property=\"og:site_name\" content=\"Magnetico Associazione Culturale\" \/>\n<meta property=\"article:modified_time\" content=\"2025-08-07T14:30:22+00:00\" \/>\n<meta name=\"twitter:card\" content=\"summary_large_image\" \/>\n<meta name=\"twitter:label1\" content=\"Dur\u00e9e de lecture estim\u00e9e\" \/>\n\t<meta name=\"twitter:data1\" content=\"2 minutes\" \/>\n<script type=\"application\/ld+json\" class=\"yoast-schema-graph\">{\"@context\":\"https:\/\/schema.org\",\"@graph\":[{\"@type\":\"WebPage\",\"@id\":\"https:\/\/www.magnetico.cloud\/cookie-policy-2\/\",\"url\":\"https:\/\/www.magnetico.cloud\/cookie-policy-2\/\",\"name\":\"Cookie Policy - Magnetico Associazione Culturale\",\"isPartOf\":{\"@id\":\"https:\/\/www.magnetico.cloud\/#website\"},\"datePublished\":\"2025-07-18T10:23:41+00:00\",\"dateModified\":\"2025-08-07T14:30:22+00:00\",\"breadcrumb\":{\"@id\":\"https:\/\/www.magnetico.cloud\/cookie-policy-2\/#breadcrumb\"},\"inLanguage\":\"fr-FR\",\"potentialAction\":[{\"@type\":\"ReadAction\",\"target\":[\"https:\/\/www.magnetico.cloud\/cookie-policy-2\/\"]}]},{\"@type\":\"BreadcrumbList\",\"@id\":\"https:\/\/www.magnetico.cloud\/cookie-policy-2\/#breadcrumb\",\"itemListElement\":[{\"@type\":\"ListItem\",\"position\":1,\"name\":\"Home\",\"item\":\"https:\/\/www.magnetico.cloud\/\"},{\"@type\":\"ListItem\",\"position\":2,\"name\":\"Cookie Policy\"}]},{\"@type\":\"WebSite\",\"@id\":\"https:\/\/www.magnetico.cloud\/#website\",\"url\":\"https:\/\/www.magnetico.cloud\/\",\"name\":\"Magnetico Associazione Culturale\",\"description\":\"\",\"potentialAction\":[{\"@type\":\"SearchAction\",\"target\":{\"@type\":\"EntryPoint\",\"urlTemplate\":\"https:\/\/www.magnetico.cloud\/?s={search_term_string}\"},\"query-input\":{\"@type\":\"PropertyValueSpecification\",\"valueRequired\":true,\"valueName\":\"search_term_string\"}}],\"inLanguage\":\"fr-FR\"}]}<\/script>\n<!-- \/ Yoast SEO plugin. -->","yoast_head_json":{"title":"Cookie Policy - Magnetico Associazione Culturale","robots":{"index":"noindex","follow":"nofollow"},"og_locale":"fr_FR","og_type":"article","og_title":"Cookie Policy - Magnetico Associazione Culturale","og_description":"Cookie Policy Cosa sono i cookie? I cookie sono piccoli file di testo che i siti web inviano al terminale dell\u2019utente, dove vengono memorizzati per essere poi ritrasmessi agli stessi siti alla visita successiva. Cookie utilizzati da questo sito Il presente sito non utilizza cookie di profilazione e non effettua tracciamento degli utenti a fini [&hellip;]","og_url":"https:\/\/www.magnetico.cloud\/fr\/cookie-policy-2\/","og_site_name":"Magnetico Associazione Culturale","article_modified_time":"2025-08-07T14:30:22+00:00","twitter_card":"summary_large_image","twitter_misc":{"Dur\u00e9e de lecture estim\u00e9e":"2 minutes"},"schema":{"@context":"https:\/\/schema.org","@graph":[{"@type":"WebPage","@id":"https:\/\/www.magnetico.cloud\/cookie-policy-2\/","url":"https:\/\/www.magnetico.cloud\/cookie-policy-2\/","name":"Cookie Policy - Magnetico Associazione Culturale","isPartOf":{"@id":"https:\/\/www.magnetico.cloud\/#website"},"datePublished":"2025-07-18T10:23:41+00:00","dateModified":"2025-08-07T14:30:22+00:00","breadcrumb":{"@id":"https:\/\/www.magnetico.cloud\/cookie-policy-2\/#breadcrumb"},"inLanguage":"fr-FR","potentialAction":[{"@type":"ReadAction","target":["https:\/\/www.magnetico.cloud\/cookie-policy-2\/"]}]},{"@type":"BreadcrumbList","@id":"https:\/\/www.magnetico.cloud\/cookie-policy-2\/#breadcrumb","itemListElement":[{"@type":"ListItem","position":1,"name":"Home","item":"https:\/\/www.magnetico.cloud\/"},{"@type":"ListItem","position":2,"name":"Cookie Policy"}]},{"@type":"WebSite","@id":"https:\/\/www.magnetico.cloud\/#website","url":"https:\/\/www.magnetico.cloud\/","name":"Magnetico Association Culturelle","description":"","potentialAction":[{"@type":"SearchAction","target":{"@type":"EntryPoint","urlTemplate":"https:\/\/www.magnetico.cloud\/?s={search_term_string}"},"query-input":{"@type":"PropertyValueSpecification","valueRequired":true,"valueName":"search_term_string"}}],"inLanguage":"fr-FR"}]}},"_links":{"self":[{"href":"https:\/\/www.magnetico.cloud\/fr\/wp-json\/wp\/v2\/pages\/160","targetHints":{"allow":["GET"]}}],"collection":[{"href":"https:\/\/www.magnetico.cloud\/fr\/wp-json\/wp\/v2\/pages"}],"about":[{"href":"https:\/\/www.magnetico.cloud\/fr\/wp-json\/wp\/v2\/types\/page"}],"author":[{"embeddable":true,"href":"https:\/\/www.magnetico.cloud\/fr\/wp-json\/wp\/v2\/users\/1"}],"replies":[{"embeddable":true,"href":"https:\/\/www.magnetico.cloud\/fr\/wp-json\/wp\/v2\/comments?post=160"}],"version-history":[{"count":4,"href":"https:\/\/www.magnetico.cloud\/fr\/wp-json\/wp\/v2\/pages\/160\/revisions"}],"predecessor-version":[{"id":248,"href":"https:\/\/www.magnetico.cloud\/fr\/wp-json\/wp\/v2\/pages\/160\/revisions\/248"}],"wp:attachment":[{"href":"https:\/\/www.magnetico.cloud\/fr\/wp-json\/wp\/v2\/media?parent=160"}],"curies":[{"name":"wp","href":"https:\/\/api.w.org\/{rel}","templated":true}]}}