{"id":181,"date":"2025-07-18T10:23:59","date_gmt":"2025-07-18T10:23:59","guid":{"rendered":"http:\/\/18.102.87.219\/index.php\/tecnopolo-2\/"},"modified":"2025-08-26T13:49:46","modified_gmt":"2025-08-26T13:49:46","slug":"tecnopolo","status":"publish","type":"page","link":"https:\/\/www.magnetico.cloud\/fr\/tecnopolo\/","title":{"rendered":"Technop\u00f4le"},"content":{"rendered":"<div data-elementor-type=\"wp-page\" data-elementor-id=\"181\" class=\"elementor elementor-181\" data-elementor-post-type=\"page\">\n\t\t\t\t<div class=\"elementor-element elementor-element-7e7de220 e-con-full e-flex e-con e-parent\" data-id=\"7e7de220\" data-element_type=\"container\" data-e-type=\"container\">\n\t\t<div class=\"elementor-element elementor-element-34a1dddb e-con-full e-flex e-con e-child\" data-id=\"34a1dddb\" data-element_type=\"container\" data-e-type=\"container\" data-settings=\"{&quot;background_background&quot;:&quot;classic&quot;}\">\n\t\t\t\t<div class=\"elementor-element elementor-element-61c1d5c7 elementor-widget elementor-widget-heading\" data-id=\"61c1d5c7\" data-element_type=\"widget\" data-e-type=\"widget\" data-widget_type=\"heading.default\">\n\t\t\t\t\t<h1 class=\"elementor-heading-title elementor-size-default\">Technop\u00f4le<\/h1>\t\t\t\t<\/div>\n\t\t\t\t<\/div>\n\t\t<div class=\"elementor-element elementor-element-5d74626 e-con-full e-flex e-con e-child\" data-id=\"5d74626\" data-element_type=\"container\" data-e-type=\"container\" data-settings=\"{&quot;background_background&quot;:&quot;classic&quot;}\">\n\t\t\t\t<div class=\"elementor-element elementor-element-1ac6d6b2 elementor-widget elementor-widget-text-editor\" data-id=\"1ac6d6b2\" data-element_type=\"widget\" data-e-type=\"widget\" data-widget_type=\"text-editor.default\">\n\t\t\t\t\t\t\t\t\t<p style=\"font-weight: 400;\">Situ\u00e9 \u00e0 Regalbuto (EN), le Technop\u00f4le est implant\u00e9 au sein d\u2019une structure polyvalente am\u00e9nag\u00e9e dans un ancien b\u00e2timent industriel, r\u00e9habilit\u00e9 en un environnement con\u00e7u pour accueillir des formations sup\u00e9rieures en TIC, des activit\u00e9s professionnelles ainsi que des espaces de partage entre \u00e9tudiants, formateurs, entreprises et acteurs de l\u2019\u00e9conomie sociale et solidaire.<\/p>\t\t\t\t\t\t\t\t<\/div>\n\t\t\t\t<div class=\"elementor-element elementor-element-585eb4b elementor-widget elementor-widget-text-editor\" data-id=\"585eb4b\" data-element_type=\"widget\" data-e-type=\"widget\" data-widget_type=\"text-editor.default\">\n\t\t\t\t\t\t\t\t\t<p style=\"font-weight: 400;\">Le Technop\u00f4le Magnetico constitue le c\u0153ur battant de l\u2019innovation de l\u2019association: un hub technologique cr\u00e9\u00e9 pour connecter la formation num\u00e9rique, les entreprises et de nouvelles opportunit\u00e9s de d\u00e9veloppement local.<\/p>\t\t\t\t\t\t\t\t<\/div>\n\t\t\t\t<\/div>\n\t\t\t\t<\/div>\n\t\t<div class=\"elementor-element elementor-element-1f186a43 e-con-full e-flex e-con e-parent\" data-id=\"1f186a43\" data-element_type=\"container\" data-e-type=\"container\">\n\t\t<div class=\"elementor-element elementor-element-157e9c0f e-con-full e-flex e-con e-child\" data-id=\"157e9c0f\" data-element_type=\"container\" data-e-type=\"container\" data-settings=\"{&quot;background_background&quot;:&quot;classic&quot;}\">\n\t\t\t\t<div class=\"elementor-element elementor-element-44e5c77e elementor-widget elementor-widget-text-editor\" data-id=\"44e5c77e\" data-element_type=\"widget\" data-e-type=\"widget\" data-widget_type=\"text-editor.default\">\n\t\t\t\t\t\t\t\t\t<p style=\"font-weight: 400;\">Son objectif est clair: devenir une r\u00e9f\u00e9rence en mati\u00e8re d\u2019innovation num\u00e9rique dans les zones int\u00e9rieures de la Sicile, en offrant des espaces modernes et des services avanc\u00e9s facilitant la croissance professionnelle et entrepreneuriale.<\/p>\t\t\t\t\t\t\t\t<\/div>\n\t\t\t\t<\/div>\n\t\t<div class=\"elementor-element elementor-element-3a696ada e-con-full e-flex e-con e-child\" data-id=\"3a696ada\" data-element_type=\"container\" data-e-type=\"container\" data-settings=\"{&quot;background_background&quot;:&quot;classic&quot;}\">\n\t\t\t\t<\/div>\n\t\t\t\t<\/div>\n\t\t<div class=\"elementor-element elementor-element-2e8b36ac e-con-full e-flex e-con e-parent\" data-id=\"2e8b36ac\" data-element_type=\"container\" data-e-type=\"container\">\n\t\t<div class=\"elementor-element elementor-element-63b3b005 e-con-full e-flex e-con e-child\" data-id=\"63b3b005\" data-element_type=\"container\" data-e-type=\"container\">\n\t\t\t\t<div class=\"elementor-element elementor-element-782e6c24 elementor-widget elementor-widget-heading\" data-id=\"782e6c24\" data-element_type=\"widget\" data-e-type=\"widget\" data-widget_type=\"heading.default\">\n\t\t\t\t\t<h2 class=\"elementor-heading-title elementor-size-default\">Un hub technologique au service du territoire<\/h2>\t\t\t\t<\/div>\n\t\t\t\t<div class=\"elementor-element elementor-element-4c546c8f elementor-widget elementor-widget-text-editor\" data-id=\"4c546c8f\" data-element_type=\"widget\" data-e-type=\"widget\" data-widget_type=\"text-editor.default\">\n\t\t\t\t\t\t\t\t\t<p style=\"font-weight: 400;\">Dans un contexte souvent p\u00e9nalis\u00e9 par le manque d\u2019infrastructures et de services, le Technop\u00f4le Magnetico se pr\u00e9sente comme une r\u00e9ponse concr\u00e8te au besoin de <strong>formation num\u00e9rique<\/strong> et <strong>acc\u00e8s aux technologies<\/strong>.<\/p><p style=\"font-weight: 400;\">C\u2019est bien plus qu\u2019un lieu physique: c\u2019est <strong>une communaut\u00e9 active<\/strong>, o\u00f9 se construisent des r\u00e9seaux de collaboration et se partagent des comp\u00e9tences.<\/p><p style=\"font-weight: 400;\">Gr\u00e2ce \u00e0 l\u2019interaction entre \u00e9tudiants, tuteurs, entreprises, collectivit\u00e9s publiques et organisations de l\u2019\u00e9conomie sociale, le Technop\u00f4le devient un \u00e9cosyst\u00e8me dynamique o\u00f9 la valeur est g\u00e9n\u00e9r\u00e9e par la fertilisation crois\u00e9e de savoirs divers.<\/p>\t\t\t\t\t\t\t\t<\/div>\n\t\t\t\t<\/div>\n\t\t<div class=\"elementor-element elementor-element-34d580b1 e-con-full e-flex e-con e-child\" data-id=\"34d580b1\" data-element_type=\"container\" data-e-type=\"container\" data-settings=\"{&quot;background_background&quot;:&quot;slideshow&quot;,&quot;background_slideshow_gallery&quot;:[{&quot;id&quot;:296,&quot;url&quot;:&quot;https:\\\/\\\/www.magnetico.cloud\\\/wp-content\\\/uploads\\\/2025\\\/07\\\/tecnopolo-4.jpg&quot;},{&quot;id&quot;:294,&quot;url&quot;:&quot;https:\\\/\\\/www.magnetico.cloud\\\/wp-content\\\/uploads\\\/2025\\\/07\\\/tecnopolo-2.jpg&quot;}],&quot;background_slideshow_loop&quot;:&quot;yes&quot;,&quot;background_slideshow_slide_duration&quot;:5000,&quot;background_slideshow_slide_transition&quot;:&quot;fade&quot;,&quot;background_slideshow_transition_duration&quot;:500}\">\n\t\t\t\t<\/div>\n\t\t\t\t<\/div>\n\t\t<div class=\"elementor-element elementor-element-1abddf4e e-con-full e-flex e-con e-parent\" data-id=\"1abddf4e\" data-element_type=\"container\" data-e-type=\"container\">\n\t\t<div class=\"elementor-element elementor-element-67be402a e-con-full e-flex e-con e-child\" data-id=\"67be402a\" data-element_type=\"container\" data-e-type=\"container\">\n\t\t\t\t<div class=\"elementor-element elementor-element-2bc18182 elementor-widget elementor-widget-heading\" data-id=\"2bc18182\" data-element_type=\"widget\" data-e-type=\"widget\" data-widget_type=\"heading.default\">\n\t\t\t\t\t<h2 class=\"elementor-heading-title elementor-size-default\">Structure et espaces du Technop\u00f4le<\/h2>\t\t\t\t<\/div>\n\t\t\t\t<div class=\"elementor-element elementor-element-45e6a116 elementor-widget elementor-widget-heading\" data-id=\"45e6a116\" data-element_type=\"widget\" data-e-type=\"widget\" data-widget_type=\"heading.default\">\n\t\t\t\t\t<h2 class=\"elementor-heading-title elementor-size-default\">Un site de 1 500 m\u00b2 d\u00e9di\u00e9 \u00e0 l\u2019innovation<\/h2>\t\t\t\t<\/div>\n\t\t\t\t<div class=\"elementor-element elementor-element-25f88d18 elementor-widget elementor-widget-text-editor\" data-id=\"25f88d18\" data-element_type=\"widget\" data-e-type=\"widget\" data-widget_type=\"text-editor.default\">\n\t\t\t\t\t\t\t\t\t<p style=\"font-weight: 400;\">Le b\u00e2timent s\u2019\u00e9tend sur une superficie d\u2019environ <strong>1 500 m\u00b2<\/strong>, r\u00e9partis en:<\/p>\t\t\t\t\t\t\t\t<\/div>\n\t\t\t\t<div class=\"elementor-element elementor-element-75f3b2b3 elementor-icon-list--layout-traditional elementor-list-item-link-full_width elementor-widget elementor-widget-icon-list\" data-id=\"75f3b2b3\" data-element_type=\"widget\" data-e-type=\"widget\" data-widget_type=\"icon-list.default\">\n\t\t\t\t\t\t\t<ul class=\"elementor-icon-list-items\">\n\t\t\t\t\t\t\t<li class=\"elementor-icon-list-item\">\n\t\t\t\t\t\t\t\t\t\t\t<span class=\"elementor-icon-list-icon\">\n\t\t\t\t\t\t\t<svg aria-hidden=\"true\" class=\"e-font-icon-svg e-far-square\" viewbox=\"0 0 448 512\" xmlns=\"http:\/\/www.w3.org\/2000\/svg\"><path d=\"M400 32H48C21.5 32 0 53.5 0 80v352c0 26.5 21.5 48 48 48h352c26.5 0 48-21.5 48-48V80c0-26.5-21.5-48-48-48zm-6 400H54c-3.3 0-6-2.7-6-6V86c0-3.3 2.7-6 6-6h340c3.3 0 6 2.7 6 6v340c0 3.3-2.7 6-6 6z\"><\/path><\/svg>\t\t\t\t\t\t<\/span>\n\t\t\t\t\t\t\t\t\t\t<span class=\"elementor-icon-list-text\">Salles multim\u00e9dias pour la formation technique et sp\u00e9cialis\u00e9e<\/span>\n\t\t\t\t\t\t\t\t\t<\/li>\n\t\t\t\t\t\t\t\t<li class=\"elementor-icon-list-item\">\n\t\t\t\t\t\t\t\t\t\t\t<span class=\"elementor-icon-list-icon\">\n\t\t\t\t\t\t\t<svg aria-hidden=\"true\" class=\"e-font-icon-svg e-far-square\" viewbox=\"0 0 448 512\" xmlns=\"http:\/\/www.w3.org\/2000\/svg\"><path d=\"M400 32H48C21.5 32 0 53.5 0 80v352c0 26.5 21.5 48 48 48h352c26.5 0 48-21.5 48-48V80c0-26.5-21.5-48-48-48zm-6 400H54c-3.3 0-6-2.7-6-6V86c0-3.3 2.7-6 6-6h340c3.3 0 6 2.7 6 6v340c0 3.3-2.7 6-6 6z\"><\/path><\/svg>\t\t\t\t\t\t<\/span>\n\t\t\t\t\t\t\t\t\t\t<span class=\"elementor-icon-list-text\">Espace de coworking professionnel enti\u00e8rement \u00e9quip\u00e9<\/span>\n\t\t\t\t\t\t\t\t\t<\/li>\n\t\t\t\t\t\t\t\t<li class=\"elementor-icon-list-item\">\n\t\t\t\t\t\t\t\t\t\t\t<span class=\"elementor-icon-list-icon\">\n\t\t\t\t\t\t\t<svg aria-hidden=\"true\" class=\"e-font-icon-svg e-far-square\" viewbox=\"0 0 448 512\" xmlns=\"http:\/\/www.w3.org\/2000\/svg\"><path d=\"M400 32H48C21.5 32 0 53.5 0 80v352c0 26.5 21.5 48 48 48h352c26.5 0 48-21.5 48-48V80c0-26.5-21.5-48-48-48zm-6 400H54c-3.3 0-6-2.7-6-6V86c0-3.3 2.7-6 6-6h340c3.3 0 6 2.7 6 6v340c0 3.3-2.7 6-6 6z\"><\/path><\/svg>\t\t\t\t\t\t<\/span>\n\t\t\t\t\t\t\t\t\t\t<span class=\"elementor-icon-list-text\">Salles de r\u00e9union pour les \u00e9quipes, rencontres et phases de conception<\/span>\n\t\t\t\t\t\t\t\t\t<\/li>\n\t\t\t\t\t\t\t\t<li class=\"elementor-icon-list-item\">\n\t\t\t\t\t\t\t\t\t\t\t<span class=\"elementor-icon-list-icon\">\n\t\t\t\t\t\t\t<svg aria-hidden=\"true\" class=\"e-font-icon-svg e-far-square\" viewbox=\"0 0 448 512\" xmlns=\"http:\/\/www.w3.org\/2000\/svg\"><path d=\"M400 32H48C21.5 32 0 53.5 0 80v352c0 26.5 21.5 48 48 48h352c26.5 0 48-21.5 48-48V80c0-26.5-21.5-48-48-48zm-6 400H54c-3.3 0-6-2.7-6-6V86c0-3.3 2.7-6 6-6h340c3.3 0 6 2.7 6 6v340c0 3.3-2.7 6-6 6z\"><\/path><\/svg>\t\t\t\t\t\t<\/span>\n\t\t\t\t\t\t\t\t\t\t<span class=\"elementor-icon-list-text\">Espace \u00e9v\u00e9nementiel et zone d\u2019exposition pour pr\u00e9sentations et workshops<\/span>\n\t\t\t\t\t\t\t\t\t<\/li>\n\t\t\t\t\t\t<\/ul>\n\t\t\t\t\t\t<\/div>\n\t\t\t\t<div class=\"elementor-element elementor-element-7471c9e6 elementor-widget elementor-widget-text-editor\" data-id=\"7471c9e6\" data-element_type=\"widget\" data-e-type=\"widget\" data-widget_type=\"text-editor.default\">\n\t\t\t\t\t\t\t\t\t<p style=\"font-weight: 400;\">Tous les espaces sont dot\u00e9s d\u2019une <strong>connexion internet haut d\u00e9bit<\/strong>, d\u2019\u00e9quipements technologiques et d\u2019un mobilier modulable afin de garantir un confort de travail optimal.<\/p>\t\t\t\t\t\t\t\t<\/div>\n\t\t\t\t<\/div>\n\t\t<div class=\"elementor-element elementor-element-29115820 e-con-full e-flex e-con e-child\" data-id=\"29115820\" data-element_type=\"container\" data-e-type=\"container\" data-settings=\"{&quot;background_background&quot;:&quot;slideshow&quot;,&quot;background_slideshow_gallery&quot;:[{&quot;id&quot;:298,&quot;url&quot;:&quot;https:\\\/\\\/www.magnetico.cloud\\\/wp-content\\\/uploads\\\/2025\\\/07\\\/tecnopolo-6.jpg&quot;},{&quot;id&quot;:299,&quot;url&quot;:&quot;https:\\\/\\\/www.magnetico.cloud\\\/wp-content\\\/uploads\\\/2025\\\/07\\\/tecnopolo-7.jpg&quot;}],&quot;background_slideshow_loop&quot;:&quot;yes&quot;,&quot;background_slideshow_slide_duration&quot;:5000,&quot;background_slideshow_slide_transition&quot;:&quot;fade&quot;,&quot;background_slideshow_transition_duration&quot;:500}\">\n\t\t\t\t<\/div>\n\t\t\t\t<\/div>\n\t\t<div class=\"elementor-element elementor-element-33ee1c6d e-con-full e-flex e-con e-parent\" data-id=\"33ee1c6d\" data-element_type=\"container\" data-e-type=\"container\">\n\t\t<div class=\"elementor-element elementor-element-6ea3e51e e-con-full e-flex e-con e-child\" data-id=\"6ea3e51e\" data-element_type=\"container\" data-e-type=\"container\" data-settings=\"{&quot;background_background&quot;:&quot;classic&quot;}\">\n\t\t\t\t<div class=\"elementor-element elementor-element-42a0027e elementor-widget elementor-widget-heading\" data-id=\"42a0027e\" data-element_type=\"widget\" data-e-type=\"widget\" data-widget_type=\"heading.default\">\n\t\t\t\t\t<h2 class=\"elementor-heading-title elementor-size-default\">Pourquoi choisir le Technop\u00f4le<\/h2>\t\t\t\t<\/div>\n\t\t\t\t<div class=\"elementor-element elementor-element-3bfffb90 elementor-icon-list--layout-traditional elementor-list-item-link-full_width elementor-widget elementor-widget-icon-list\" data-id=\"3bfffb90\" data-element_type=\"widget\" data-e-type=\"widget\" data-widget_type=\"icon-list.default\">\n\t\t\t\t\t\t\t<ul class=\"elementor-icon-list-items\">\n\t\t\t\t\t\t\t<li class=\"elementor-icon-list-item\">\n\t\t\t\t\t\t\t\t\t\t\t<span class=\"elementor-icon-list-icon\">\n\t\t\t\t\t\t\t<svg aria-hidden=\"true\" class=\"e-font-icon-svg e-far-square\" viewbox=\"0 0 448 512\" xmlns=\"http:\/\/www.w3.org\/2000\/svg\"><path d=\"M400 32H48C21.5 32 0 53.5 0 80v352c0 26.5 21.5 48 48 48h352c26.5 0 48-21.5 48-48V80c0-26.5-21.5-48-48-48zm-6 400H54c-3.3 0-6-2.7-6-6V86c0-3.3 2.7-6 6-6h340c3.3 0 6 2.7 6 6v340c0 3.3-2.7 6-6 6z\"><\/path><\/svg>\t\t\t\t\t\t<\/span>\n\t\t\t\t\t\t\t\t\t\t<span class=\"elementor-icon-list-text\">Pour se former dans un environnement innovant et professionnel<\/span>\n\t\t\t\t\t\t\t\t\t<\/li>\n\t\t\t\t\t\t\t\t<li class=\"elementor-icon-list-item\">\n\t\t\t\t\t\t\t\t\t\t\t<span class=\"elementor-icon-list-icon\">\n\t\t\t\t\t\t\t<svg aria-hidden=\"true\" class=\"e-font-icon-svg e-far-square\" viewbox=\"0 0 448 512\" xmlns=\"http:\/\/www.w3.org\/2000\/svg\"><path d=\"M400 32H48C21.5 32 0 53.5 0 80v352c0 26.5 21.5 48 48 48h352c26.5 0 48-21.5 48-48V80c0-26.5-21.5-48-48-48zm-6 400H54c-3.3 0-6-2.7-6-6V86c0-3.3 2.7-6 6-6h340c3.3 0 6 2.7 6 6v340c0 3.3-2.7 6-6 6z\"><\/path><\/svg>\t\t\t\t\t\t<\/span>\n\t\t\t\t\t\t\t\t\t\t<span class=\"elementor-icon-list-text\">Pour entrer en contact avec des entreprises et des opportunit\u00e9s concr\u00e8tes<\/span>\n\t\t\t\t\t\t\t\t\t<\/li>\n\t\t\t\t\t\t\t\t<li class=\"elementor-icon-list-item\">\n\t\t\t\t\t\t\t\t\t\t\t<span class=\"elementor-icon-list-icon\">\n\t\t\t\t\t\t\t<svg aria-hidden=\"true\" class=\"e-font-icon-svg e-far-square\" viewbox=\"0 0 448 512\" xmlns=\"http:\/\/www.w3.org\/2000\/svg\"><path d=\"M400 32H48C21.5 32 0 53.5 0 80v352c0 26.5 21.5 48 48 48h352c26.5 0 48-21.5 48-48V80c0-26.5-21.5-48-48-48zm-6 400H54c-3.3 0-6-2.7-6-6V86c0-3.3 2.7-6 6-6h340c3.3 0 6 2.7 6 6v340c0 3.3-2.7 6-6 6z\"><\/path><\/svg>\t\t\t\t\t\t<\/span>\n\t\t\t\t\t\t\t\t\t\t<span class=\"elementor-icon-list-text\">Pour contribuer au d\u00e9veloppement d\u2019un territoire en pleine \u00e9volution<\/span>\n\t\t\t\t\t\t\t\t\t<\/li>\n\t\t\t\t\t\t<\/ul>\n\t\t\t\t\t\t<\/div>\n\t\t\t\t<div class=\"elementor-element elementor-element-1b58b4bf elementor-widget elementor-widget-heading\" data-id=\"1b58b4bf\" data-element_type=\"widget\" data-e-type=\"widget\" data-widget_type=\"heading.default\">\n\t\t\t\t\t<h2 class=\"elementor-heading-title elementor-size-default\">Vous \u00eates un organisme, une entreprise ou un professionnel et souhaitez collaborer avec nous?<\/h2>\t\t\t\t<\/div>\n\t\t\t\t<div class=\"elementor-element elementor-element-41e3401a elementor-widget elementor-widget-text-editor\" data-id=\"41e3401a\" data-element_type=\"widget\" data-e-type=\"widget\" data-widget_type=\"text-editor.default\">\n\t\t\t\t\t\t\t\t\t<p style=\"font-weight: 400;\">Consultez la section <a href=\"https:\/\/www.magnetico.cloud\/fr\/collabora-con-noi\/\">Collaborez avec nous<\/a> ou <a href=\"https:\/\/www.magnetico.cloud\/fr\/contatti\/\">contactez-nous<\/a> pour d\u00e9couvrir toutes les possibilit\u00e9s.<\/p>\t\t\t\t\t\t\t\t<\/div>\n\t\t\t\t<\/div>\n\t\t<div class=\"elementor-element elementor-element-52272878 e-con-full e-flex e-con e-child\" data-id=\"52272878\" data-element_type=\"container\" data-e-type=\"container\" data-settings=\"{&quot;background_background&quot;:&quot;slideshow&quot;,&quot;background_slideshow_gallery&quot;:[{&quot;id&quot;:301,&quot;url&quot;:&quot;https:\\\/\\\/www.magnetico.cloud\\\/wp-content\\\/uploads\\\/2025\\\/07\\\/tecnopolo-9.jpg&quot;},{&quot;id&quot;:300,&quot;url&quot;:&quot;https:\\\/\\\/www.magnetico.cloud\\\/wp-content\\\/uploads\\\/2025\\\/07\\\/tecnopolo-8.jpg&quot;}],&quot;background_slideshow_slide_transition&quot;:&quot;slide_right&quot;,&quot;background_slideshow_loop&quot;:&quot;yes&quot;,&quot;background_slideshow_slide_duration&quot;:5000,&quot;background_slideshow_transition_duration&quot;:500}\">\n\t\t\t\t<\/div>\n\t\t\t\t<\/div>\n\t\t<div class=\"elementor-element elementor-element-53ff9684 e-con-full e-flex e-con e-parent\" data-id=\"53ff9684\" data-element_type=\"container\" data-e-type=\"container\">\n\t\t\t\t<div class=\"elementor-element elementor-element-5d91a6ce elementor-widget elementor-widget-google_maps\" data-id=\"5d91a6ce\" data-element_type=\"widget\" data-e-type=\"widget\" data-widget_type=\"google_maps.default\">\n\t\t\t\t\t\t\t<div class=\"elementor-custom-embed\">\n\t\t\t<iframe loading=\"lazy\"\n\t\t\t\t\tsrc=\"https:\/\/maps.google.com\/maps?q=Tecnopolo%20Magnetico%20Regalbuto%20%28EN%29&#038;t=m&#038;z=10&#038;output=embed&#038;iwloc=near\"\n\t\t\t\t\ttitle=\"Tecnopolo Magnetico Regalbuto (EN)\"\n\t\t\t\t\taria-label=\"Tecnopolo Magnetico Regalbuto (EN)\"\n\t\t\t><\/iframe>\n\t\t<\/div>\n\t\t\t\t\t\t<\/div>\n\t\t\t\t<\/div>\n\t\t\t\t<\/div>","protected":false},"excerpt":{"rendered":"<p>Tecnopolo Situato a Regalbuto (EN), il Tecnopolo sorge all\u2019interno di una struttura polifunzionale ricavata da un ex edificio industriale e riconvertita in un ambiente progettato per ospitare corsi di alta formazione ICT, attivit\u00e0 professionali e momenti di condivisione tra studenti, docenti, aziende e terzo settore. Il Tecnopolo Magnetico \u00e8 il cuore pulsante dell\u2019innovazione dell\u2019associazione: un [&hellip;]<\/p>","protected":false},"author":1,"featured_media":0,"parent":0,"menu_order":0,"comment_status":"closed","ping_status":"closed","template":"elementor_header_footer","meta":{"footnotes":""},"class_list":["post-181","page","type-page","status-publish","hentry"],"yoast_head":"<!-- This site is optimized with the Yoast SEO plugin v26.9 - https:\/\/yoast.com\/product\/yoast-seo-wordpress\/ -->\n<title>Tecnopolo Magnetico \u2013 Formazione e innovazione digitale<\/title>\n<meta name=\"description\" content=\"Il Tecnopolo Magnetico a Regalbuto: 1500mq per formazione ICT, coworking, eventi e collaborazione tra imprese, studenti e professionisti.\" \/>\n<meta name=\"robots\" content=\"index, follow, max-snippet:-1, max-image-preview:large, max-video-preview:-1\" \/>\n<link rel=\"canonical\" href=\"https:\/\/www.magnetico.cloud\/fr\/tecnopolo\/\" \/>\n<meta property=\"og:locale\" content=\"fr_FR\" \/>\n<meta property=\"og:type\" content=\"article\" \/>\n<meta property=\"og:title\" content=\"Tecnopolo Magnetico \u2013 Formazione e innovazione digitale\" \/>\n<meta property=\"og:description\" content=\"Il Tecnopolo Magnetico a Regalbuto: 1500mq per formazione ICT, coworking, eventi e collaborazione tra imprese, studenti e professionisti.\" \/>\n<meta property=\"og:url\" content=\"https:\/\/www.magnetico.cloud\/fr\/tecnopolo\/\" \/>\n<meta property=\"og:site_name\" content=\"Magnetico Associazione Culturale\" \/>\n<meta property=\"article:modified_time\" content=\"2025-08-26T13:49:46+00:00\" \/>\n<meta name=\"twitter:card\" content=\"summary_large_image\" \/>\n<meta name=\"twitter:label1\" content=\"Dur\u00e9e de lecture estim\u00e9e\" \/>\n\t<meta name=\"twitter:data1\" content=\"2 minutes\" \/>\n<script type=\"application\/ld+json\" class=\"yoast-schema-graph\">{\"@context\":\"https:\/\/schema.org\",\"@graph\":[{\"@type\":\"WebPage\",\"@id\":\"https:\/\/www.magnetico.cloud\/tecnopolo\/\",\"url\":\"https:\/\/www.magnetico.cloud\/tecnopolo\/\",\"name\":\"Tecnopolo Magnetico \u2013 Formazione e innovazione digitale\",\"isPartOf\":{\"@id\":\"https:\/\/www.magnetico.cloud\/#website\"},\"datePublished\":\"2025-07-18T10:23:59+00:00\",\"dateModified\":\"2025-08-26T13:49:46+00:00\",\"description\":\"Il Tecnopolo Magnetico a Regalbuto: 1500mq per formazione ICT, coworking, eventi e collaborazione tra imprese, studenti e professionisti.\",\"breadcrumb\":{\"@id\":\"https:\/\/www.magnetico.cloud\/tecnopolo\/#breadcrumb\"},\"inLanguage\":\"fr-FR\",\"potentialAction\":[{\"@type\":\"ReadAction\",\"target\":[\"https:\/\/www.magnetico.cloud\/tecnopolo\/\"]}]},{\"@type\":\"BreadcrumbList\",\"@id\":\"https:\/\/www.magnetico.cloud\/tecnopolo\/#breadcrumb\",\"itemListElement\":[{\"@type\":\"ListItem\",\"position\":1,\"name\":\"Home\",\"item\":\"https:\/\/www.magnetico.cloud\/\"},{\"@type\":\"ListItem\",\"position\":2,\"name\":\"Tecnopolo\"}]},{\"@type\":\"WebSite\",\"@id\":\"https:\/\/www.magnetico.cloud\/#website\",\"url\":\"https:\/\/www.magnetico.cloud\/\",\"name\":\"Magnetico Associazione Culturale\",\"description\":\"\",\"potentialAction\":[{\"@type\":\"SearchAction\",\"target\":{\"@type\":\"EntryPoint\",\"urlTemplate\":\"https:\/\/www.magnetico.cloud\/?s={search_term_string}\"},\"query-input\":{\"@type\":\"PropertyValueSpecification\",\"valueRequired\":true,\"valueName\":\"search_term_string\"}}],\"inLanguage\":\"fr-FR\"}]}<\/script>\n<!-- \/ Yoast SEO plugin. -->","yoast_head_json":{"title":"Tecnopolo Magnetico \u2013 Formazione e innovazione digitale","description":"Il Tecnopolo Magnetico a Regalbuto: 1500mq per formazione ICT, coworking, eventi e collaborazione tra imprese, studenti e professionisti.","robots":{"index":"index","follow":"follow","max-snippet":"max-snippet:-1","max-image-preview":"max-image-preview:large","max-video-preview":"max-video-preview:-1"},"canonical":"https:\/\/www.magnetico.cloud\/fr\/tecnopolo\/","og_locale":"fr_FR","og_type":"article","og_title":"Tecnopolo Magnetico \u2013 Formazione e innovazione digitale","og_description":"Il Tecnopolo Magnetico a Regalbuto: 1500mq per formazione ICT, coworking, eventi e collaborazione tra imprese, studenti e professionisti.","og_url":"https:\/\/www.magnetico.cloud\/fr\/tecnopolo\/","og_site_name":"Magnetico Associazione Culturale","article_modified_time":"2025-08-26T13:49:46+00:00","twitter_card":"summary_large_image","twitter_misc":{"Dur\u00e9e de lecture estim\u00e9e":"2 minutes"},"schema":{"@context":"https:\/\/schema.org","@graph":[{"@type":"WebPage","@id":"https:\/\/www.magnetico.cloud\/tecnopolo\/","url":"https:\/\/www.magnetico.cloud\/tecnopolo\/","name":"Tecnopolo Magnetico \u2013 Formazione e innovazione digitale","isPartOf":{"@id":"https:\/\/www.magnetico.cloud\/#website"},"datePublished":"2025-07-18T10:23:59+00:00","dateModified":"2025-08-26T13:49:46+00:00","description":"Il Tecnopolo Magnetico a Regalbuto: 1500mq per formazione ICT, coworking, eventi e collaborazione tra imprese, studenti e professionisti.","breadcrumb":{"@id":"https:\/\/www.magnetico.cloud\/tecnopolo\/#breadcrumb"},"inLanguage":"fr-FR","potentialAction":[{"@type":"ReadAction","target":["https:\/\/www.magnetico.cloud\/tecnopolo\/"]}]},{"@type":"BreadcrumbList","@id":"https:\/\/www.magnetico.cloud\/tecnopolo\/#breadcrumb","itemListElement":[{"@type":"ListItem","position":1,"name":"Home","item":"https:\/\/www.magnetico.cloud\/"},{"@type":"ListItem","position":2,"name":"Tecnopolo"}]},{"@type":"WebSite","@id":"https:\/\/www.magnetico.cloud\/#website","url":"https:\/\/www.magnetico.cloud\/","name":"Magnetico Association Culturelle","description":"","potentialAction":[{"@type":"SearchAction","target":{"@type":"EntryPoint","urlTemplate":"https:\/\/www.magnetico.cloud\/?s={search_term_string}"},"query-input":{"@type":"PropertyValueSpecification","valueRequired":true,"valueName":"search_term_string"}}],"inLanguage":"fr-FR"}]}},"_links":{"self":[{"href":"https:\/\/www.magnetico.cloud\/fr\/wp-json\/wp\/v2\/pages\/181","targetHints":{"allow":["GET"]}}],"collection":[{"href":"https:\/\/www.magnetico.cloud\/fr\/wp-json\/wp\/v2\/pages"}],"about":[{"href":"https:\/\/www.magnetico.cloud\/fr\/wp-json\/wp\/v2\/types\/page"}],"author":[{"embeddable":true,"href":"https:\/\/www.magnetico.cloud\/fr\/wp-json\/wp\/v2\/users\/1"}],"replies":[{"embeddable":true,"href":"https:\/\/www.magnetico.cloud\/fr\/wp-json\/wp\/v2\/comments?post=181"}],"version-history":[{"count":19,"href":"https:\/\/www.magnetico.cloud\/fr\/wp-json\/wp\/v2\/pages\/181\/revisions"}],"predecessor-version":[{"id":662,"href":"https:\/\/www.magnetico.cloud\/fr\/wp-json\/wp\/v2\/pages\/181\/revisions\/662"}],"wp:attachment":[{"href":"https:\/\/www.magnetico.cloud\/fr\/wp-json\/wp\/v2\/media?parent=181"}],"curies":[{"name":"wp","href":"https:\/\/api.w.org\/{rel}","templated":true}]}}