{"id":28,"date":"2025-07-18T07:34:07","date_gmt":"2025-07-18T07:34:07","guid":{"rendered":"http:\/\/18.102.87.219\/index.php\/collabora-con-noi\/"},"modified":"2025-09-18T09:43:19","modified_gmt":"2025-09-18T09:43:19","slug":"collabora-con-noi","status":"publish","type":"page","link":"https:\/\/www.magnetico.cloud\/fr\/collabora-con-noi\/","title":{"rendered":"Collaborez avec nous"},"content":{"rendered":"<div data-elementor-type=\"wp-page\" data-elementor-id=\"28\" class=\"elementor elementor-28\" data-elementor-post-type=\"page\">\n\t\t\t\t<div class=\"elementor-element elementor-element-71691151 e-con-full e-flex e-con e-parent\" data-id=\"71691151\" data-element_type=\"container\" data-e-type=\"container\">\n\t\t<div class=\"elementor-element elementor-element-5b9371cc e-con-full e-flex e-con e-child\" data-id=\"5b9371cc\" data-element_type=\"container\" data-e-type=\"container\" data-settings=\"{&quot;background_background&quot;:&quot;classic&quot;}\">\n\t\t\t\t<div class=\"elementor-element elementor-element-1bb6f549 elementor-widget elementor-widget-heading\" data-id=\"1bb6f549\" data-element_type=\"widget\" data-e-type=\"widget\" data-widget_type=\"heading.default\">\n\t\t\t\t\t<h1 class=\"elementor-heading-title elementor-size-default\">Collaborez avec nous<\/h1>\t\t\t\t<\/div>\n\t\t\t\t<\/div>\n\t\t<div class=\"elementor-element elementor-element-2c246de9 e-con-full e-flex e-con e-child\" data-id=\"2c246de9\" data-element_type=\"container\" data-e-type=\"container\" data-settings=\"{&quot;background_background&quot;:&quot;classic&quot;}\">\n\t\t\t\t<div class=\"elementor-element elementor-element-ffc84ae elementor-widget elementor-widget-text-editor\" data-id=\"ffc84ae\" data-element_type=\"widget\" data-e-type=\"widget\" data-widget_type=\"text-editor.default\">\n\t\t\t\t\t\t\t\t\t<p>Un r\u00e9seau ouvert \u00e0 tous ceux qui souhaitent faire la diff\u00e9rence<\/p>\t\t\t\t\t\t\t\t<\/div>\n\t\t\t\t<div class=\"elementor-element elementor-element-48ad3e40 elementor-widget elementor-widget-text-editor\" data-id=\"48ad3e40\" data-element_type=\"widget\" data-e-type=\"widget\" data-widget_type=\"text-editor.default\">\n\t\t\t\t\t\t\t\t\tMagnetico est plus qu\u2019une association: c\u2019est un \u00e9cosyst\u00e8me vivant, qui grandit gr\u00e2ce aux personnes et aux organisations qui choisissent d\u2019y participer activement.\nCollaborer avec Magnetico signifie investir du temps, des comp\u00e9tences et des ressources dans des projets \u00e9ducatifs, formatifs et culturels qui g\u00e9n\u00e8rent de la valeur pour le territoire.<p>\nNous sommes constamment \u00e0 la recherche de nouveaux partenaires, de professionnels, d\u2019organismes et d\u2019entreprises souhaitant contribuer \u00e0 construire un avenir plus inclusif, durable et riche en opportunit\u00e9s.\nLa collaboration peut prendre diff\u00e9rentes formes, selon le profil et les objectifs partag\u00e9s.\n\t\t\t\t\t\t\t\t<\/div>\n\t\t\t\t<\/div>\n\t\t\t\t<\/div>\n\t\t<div class=\"elementor-element elementor-element-41d0aa9a e-con-full e-flex e-con e-parent\" data-id=\"41d0aa9a\" data-element_type=\"container\" data-e-type=\"container\">\n\t\t<div class=\"elementor-element elementor-element-64c8690a e-con-full e-flex e-con e-child\" data-id=\"64c8690a\" data-element_type=\"container\" data-e-type=\"container\">\n\t\t\t\t<div class=\"elementor-element elementor-element-31c30d4d elementor-widget elementor-widget-heading\" data-id=\"31c30d4d\" data-element_type=\"widget\" data-e-type=\"widget\" data-widget_type=\"heading.default\">\n\t\t\t\t\t<h2 class=\"elementor-heading-title elementor-size-default\">Entreprises et organisations<\/h2>\t\t\t\t<\/div>\n\t\t\t\t<div class=\"elementor-element elementor-element-45a36396 elementor-widget elementor-widget-text-editor\" data-id=\"45a36396\" data-element_type=\"widget\" data-e-type=\"widget\" data-widget_type=\"text-editor.default\">\n\t\t\t\t\t\t\t\t\t<p>Nous recherchons des entreprises pr\u00eates \u00e0 activer des stages, des p\u00e9riodes de formation, des parcours d\u2019orientation, ou d\u00e9sireuses de contribuer par des t\u00e9moignages professionnels et du savoir-faire technique.\nCollaborer avec Magnetico signifie entrer en contact avec de jeunes talents motiv\u00e9s et pr\u00eats \u00e0 s\u2019investir.<\/p>\t\t\t\t\t\t\t\t<\/div>\n\t\t\t\t<\/div>\n\t\t<div class=\"elementor-element elementor-element-56a49f20 e-con-full e-flex e-con e-child\" data-id=\"56a49f20\" data-element_type=\"container\" data-e-type=\"container\">\n\t\t\t\t<div class=\"elementor-element elementor-element-3f5a73d9 elementor-widget elementor-widget-heading\" data-id=\"3f5a73d9\" data-element_type=\"widget\" data-e-type=\"widget\" data-widget_type=\"heading.default\">\n\t\t\t\t\t<h2 class=\"elementor-heading-title elementor-size-default\">Enseignants et formateurs<\/h2>\t\t\t\t<\/div>\n\t\t\t\t<div class=\"elementor-element elementor-element-44fccf04 elementor-widget elementor-widget-text-editor\" data-id=\"44fccf04\" data-element_type=\"widget\" data-e-type=\"widget\" data-widget_type=\"text-editor.default\">\n\t\t\t\t\t\t\t\t\t<p>Si vous \u00eates enseignant, formateur ou expert dans un domaine sp\u00e9cifique, vous pouvez proposer un cours, un atelier ou un module de formation.\nVotre exp\u00e9rience peut devenir une ressource concr\u00e8te pour nos parcours p\u00e9dagogiques.<\/p>\t\t\t\t\t\t\t\t<\/div>\n\t\t\t\t<\/div>\n\t\t<div class=\"elementor-element elementor-element-6f0e77ef e-con-full e-flex e-con e-child\" data-id=\"6f0e77ef\" data-element_type=\"container\" data-e-type=\"container\">\n\t\t\t\t<div class=\"elementor-element elementor-element-24fa4158 elementor-widget elementor-widget-heading\" data-id=\"24fa4158\" data-element_type=\"widget\" data-e-type=\"widget\" data-widget_type=\"heading.default\">\n\t\t\t\t\t<h2 class=\"elementor-heading-title elementor-size-default\">Organismes publics et priv\u00e9s<\/h2>\t\t\t\t<\/div>\n\t\t\t\t<div class=\"elementor-element elementor-element-33347615 elementor-widget elementor-widget-text-editor\" data-id=\"33347615\" data-element_type=\"widget\" data-e-type=\"widget\" data-widget_type=\"text-editor.default\">\n\t\t\t\t\t\t\t\t\t<p>Nous accueillons avec int\u00e9r\u00eat la collaboration avec les collectivit\u00e9s locales, les \u00e9tablissements scolaires, les fondations et les acteurs du secteur associatif.\nEnsemble, nous d\u00e9veloppons des projets communs, r\u00e9pondons \u00e0 des appels \u00e0 projets et g\u00e9n\u00e9rons un impact social mesurable.<\/p>\t\t\t\t\t\t\t\t<\/div>\n\t\t\t\t<\/div>\n\t\t<div class=\"elementor-element elementor-element-33e29958 e-con-full e-flex e-con e-child\" data-id=\"33e29958\" data-element_type=\"container\" data-e-type=\"container\">\n\t\t\t\t<div class=\"elementor-element elementor-element-16e604b8 elementor-widget elementor-widget-heading\" data-id=\"16e604b8\" data-element_type=\"widget\" data-e-type=\"widget\" data-widget_type=\"heading.default\">\n\t\t\t\t\t<h2 class=\"elementor-heading-title elementor-size-default\">B\u00e9n\u00e9voles<\/h2>\t\t\t\t<\/div>\n\t\t\t\t<div class=\"elementor-element elementor-element-72ba56b3 elementor-widget elementor-widget-text-editor\" data-id=\"72ba56b3\" data-element_type=\"widget\" data-e-type=\"widget\" data-widget_type=\"text-editor.default\">\n\t\t\t\t\t\t\t\t\t<p>Si vous croyez en la valeur de la communaut\u00e9 et souhaitez offrir votre temps pour soutenir nos activit\u00e9s, vous pouvez rejoindre le r\u00e9seau des b\u00e9n\u00e9voles Magnetico.\nM\u00eame une petite contribution peut faire la diff\u00e9rence.<\/p>\t\t\t\t\t\t\t\t<\/div>\n\t\t\t\t<\/div>\n\t\t\t\t<\/div>\n\t\t<div class=\"elementor-element elementor-element-687f17ce e-con-full e-flex e-con e-parent\" data-id=\"687f17ce\" data-element_type=\"container\" data-e-type=\"container\">\n\t\t<div class=\"elementor-element elementor-element-587c67e3 e-con-full e-flex e-con e-child\" data-id=\"587c67e3\" data-element_type=\"container\" data-e-type=\"container\">\n\t\t\t\t<div class=\"elementor-element elementor-element-70659977 elementor-widget elementor-widget-heading\" data-id=\"70659977\" data-element_type=\"widget\" data-e-type=\"widget\" data-widget_type=\"heading.default\">\n\t\t\t\t\t<h2 class=\"elementor-heading-title elementor-size-default\">Vous souhaitez proposer une collaboration ou avez une id\u00e9e \u00e0 d\u00e9velopper ensemble?<\/h2>\t\t\t\t<\/div>\n\t\t\t\t<div class=\"elementor-element elementor-element-523f83f0 elementor-widget elementor-widget-text-editor\" data-id=\"523f83f0\" data-element_type=\"widget\" data-e-type=\"widget\" data-widget_type=\"text-editor.default\">\n\t\t\t\t\t\t\t\t\tRemplissez le formulaire en bas de page: nous serons ravis de vous \u00e9couter.\t\t\t\t\t\t\t\t<\/div>\n\t\t\t\t<\/div>\n\t\t\t\t<\/div>\n\t\t<div class=\"elementor-element elementor-element-643db3f e-con-full e-flex e-con e-parent\" data-id=\"643db3f\" data-element_type=\"container\" data-e-type=\"container\">\n\t\t<div class=\"elementor-element elementor-element-5772f1c3 e-con-full e-flex e-con e-child\" data-id=\"5772f1c3\" data-element_type=\"container\" data-e-type=\"container\">\n\t\t\t\t<div class=\"elementor-element elementor-element-6218bf4b elementor-button-align-start elementor-widget elementor-widget-form\" data-id=\"6218bf4b\" data-element_type=\"widget\" data-e-type=\"widget\" data-settings=\"{&quot;step_next_label&quot;:&quot;Successivo&quot;,&quot;step_previous_label&quot;:&quot;Precedente&quot;,&quot;button_width&quot;:&quot;100&quot;,&quot;step_type&quot;:&quot;number_text&quot;,&quot;step_icon_shape&quot;:&quot;circle&quot;}\" data-widget_type=\"form.default\">\n\t\t\t\t\t\t\t<form class=\"elementor-form\" method=\"post\" name=\"Nuovo modulo\" aria-label=\"Nuovo modulo\" action=\"\">\n\t\t\t<input type=\"hidden\" name=\"post_id\" value=\"28\"\/>\n\t\t\t<input type=\"hidden\" name=\"form_id\" value=\"6218bf4b\"\/>\n\t\t\t<input type=\"hidden\" name=\"referer_title\" value=\"Collabora con Associazione Magnetico\" \/>\n\n\t\t\t\t\t\t\t<input type=\"hidden\" name=\"queried_id\" value=\"28\"\/>\n\t\t\t\n\t\t\t<div class=\"elementor-form-fields-wrapper elementor-labels-\">\n\t\t\t\t\t\t\t\t<div class=\"elementor-field-type-text elementor-field-group elementor-column elementor-field-group-name elementor-col-50 elementor-field-required\">\n\t\t\t\t\t\t\t\t\t\t\t\t<label for=\"form-field-name\" class=\"elementor-field-label elementor-screen-only\">\n\t\t\t\t\t\t\t\tNom et Pr\u00e9nom\t\t\t\t\t\t\t<\/label>\n\t\t\t\t\t\t\t\t\t\t\t\t\t\t<input size=\"1\" type=\"text\" name=\"form_fields[name]\" id=\"form-field-name\" class=\"elementor-field elementor-size-sm  elementor-field-textual\" placeholder=\"Nom et Pr\u00e9nom\" required=\"required\">\n\t\t\t\t\t\t\t\t\t\t\t<\/div>\n\t\t\t\t\t\t\t\t<div class=\"elementor-field-type-email elementor-field-group elementor-column elementor-field-group-email elementor-col-50 elementor-field-required\">\n\t\t\t\t\t\t\t\t\t\t\t\t<label for=\"form-field-email\" class=\"elementor-field-label elementor-screen-only\">\n\t\t\t\t\t\t\t\tEmail\t\t\t\t\t\t\t<\/label>\n\t\t\t\t\t\t\t\t\t\t\t\t\t\t<input size=\"1\" type=\"email\" name=\"form_fields[email]\" id=\"form-field-email\" class=\"elementor-field elementor-size-sm  elementor-field-textual\" placeholder=\"Email\" required=\"required\">\n\t\t\t\t\t\t\t\t\t\t\t<\/div>\n\t\t\t\t\t\t\t\t<div class=\"elementor-field-type-text elementor-field-group elementor-column elementor-field-group-ente elementor-col-50\">\n\t\t\t\t\t\t\t\t\t\t\t\t<label for=\"form-field-ente\" class=\"elementor-field-label elementor-screen-only\">\n\t\t\t\t\t\t\t\tOrganisme \/ Entreprise\t\t\t\t\t\t\t<\/label>\n\t\t\t\t\t\t\t\t\t\t\t\t\t\t<input size=\"1\" type=\"text\" name=\"form_fields[ente]\" id=\"form-field-ente\" class=\"elementor-field elementor-size-sm  elementor-field-textual\" placeholder=\"Organisme \/ Entreprise\">\n\t\t\t\t\t\t\t\t\t\t\t<\/div>\n\t\t\t\t\t\t\t\t<div class=\"elementor-field-type-html elementor-field-group elementor-column elementor-field-group-field_19061de elementor-col-20\">\n\t\t\t\t\tS\u00e9lectionnez votre profil\t\t\t\t<\/div>\n\t\t\t\t\t\t\t\t<div class=\"elementor-field-type-select elementor-field-group elementor-column elementor-field-group-profilo elementor-col-20\">\n\t\t\t\t\t\t\t\t\t\t\t\t<label for=\"form-field-profilo\" class=\"elementor-field-label elementor-screen-only\">\n\t\t\t\t\t\t\t\tProfilo\t\t\t\t\t\t\t<\/label>\n\t\t\t\t\t\t\t\t<div class=\"elementor-field elementor-select-wrapper remove-before\">\n\t\t\t<div class=\"select-caret-down-wrapper\">\n\t\t\t\t<svg aria-hidden=\"true\" class=\"e-font-icon-svg e-eicon-caret-down\" viewbox=\"0 0 571.4 571.4\" xmlns=\"http:\/\/www.w3.org\/2000\/svg\"><path d=\"M571 393Q571 407 561 418L311 668Q300 679 286 679T261 668L11 418Q0 407 0 393T11 368 36 357H536Q550 357 561 368T571 393Z\"><\/path><\/svg>\t\t\t<\/div>\n\t\t\t<select name=\"form_fields[profilo]\" id=\"form-field-profilo\" class=\"elementor-field-textual elementor-size-sm\">\n\t\t\t\t\t\t\t\t\t<option value=\"Azienda\">Entreprise<\/option>\n\t\t\t\t\t\t\t\t\t<option value=\"Docente\">Enseignant<\/option>\n\t\t\t\t\t\t\t\t\t<option value=\"Ente\">Organisme<\/option>\n\t\t\t\t\t\t\t\t\t<option value=\"Volontario\">B\u00e9n\u00e9vole<\/option>\n\t\t\t\t\t\t\t\t\t<option value=\"Altro\">Autre<\/option>\n\t\t\t\t\t\t\t<\/select>\n\t\t<\/div>\n\t\t\t\t\t\t<\/div>\n\t\t\t\t\t\t\t\t<div class=\"elementor-field-type-textarea elementor-field-group elementor-column elementor-field-group-message elementor-col-100\">\n\t\t\t\t\t\t\t\t\t\t\t\t<label for=\"form-field-message\" class=\"elementor-field-label elementor-screen-only\">\n\t\t\t\t\t\t\t\tProposta di collaborazione \t\t\t\t\t\t\t<\/label>\n\t\t\t\t\t\t<textarea class=\"elementor-field-textual elementor-field  elementor-size-sm\" name=\"form_fields[message]\" id=\"form-field-message\" rows=\"4\" placeholder=\"D\u00e9crivez votre proposition de collaboration \"><\/textarea>\t\t\t\t<\/div>\n\t\t\t\t\t\t\t\t<div class=\"elementor-field-type-upload elementor-field-group elementor-column elementor-field-group-allegato elementor-col-20\">\n\t\t\t\t\t\t\t\t\t\t\t\t<label for=\"form-field-allegato\" class=\"elementor-field-label elementor-screen-only\">\n\t\t\t\t\t\t\t\tCarica Allegato\t\t\t\t\t\t\t<\/label>\n\t\t\t\t\t\t\t\t<input type=\"file\" name=\"form_fields[allegato]\" id=\"form-field-allegato\" class=\"elementor-field elementor-size-sm  elementor-upload-field\">\n\n\t\t\t\t\t\t<\/div>\n\t\t\t\t\t\t\t\t<div class=\"elementor-field-type-acceptance elementor-field-group elementor-column elementor-field-group-privacy elementor-col-100\">\n\t\t\t\t\t\t\t\t\t\t\t\t<label for=\"form-field-privacy\" class=\"elementor-field-label elementor-screen-only\">\n\t\t\t\t\t\t\t\tprivacy \t\t\t\t\t\t\t<\/label>\n\t\t\t\t\t\t\t\t<div class=\"elementor-field-subgroup\">\n\t\t\t<span class=\"elementor-field-option\">\n\t\t\t\t<input type=\"checkbox\" name=\"form_fields[privacy]\" id=\"form-field-privacy\" class=\"elementor-field elementor-size-sm  elementor-acceptance-field\">\n\t\t\t\t<label for=\"form-field-privacy\">Consentement \u00e0 la politique de confidentialit\u00e9 <\/label>\t\t\t<\/span>\n\t\t<\/div>\n\t\t\t\t\t\t<\/div>\n\t\t\t\t\t\t\t\t<div class=\"elementor-field-group elementor-column elementor-field-type-submit elementor-col-100 e-form__buttons\">\n\t\t\t\t\t<button class=\"elementor-button elementor-size-sm\" type=\"submit\">\n\t\t\t\t\t\t<span class=\"elementor-button-content-wrapper\">\n\t\t\t\t\t\t\t\t\t\t\t\t\t\t\t\t\t\t\t\t\t\t<span class=\"elementor-button-text\">Envoyer<\/span>\n\t\t\t\t\t\t\t\t\t\t\t\t\t<\/span>\n\t\t\t\t\t<\/button>\n\t\t\t\t<\/div>\n\t\t\t<\/div>\n\t\t<input type=\"hidden\" name=\"trp-form-language\" value=\"fr\"\/><\/form>\n\t\t\t\t\t\t<\/div>\n\t\t\t\t<\/div>\n\t\t\t\t<\/div>\n\t\t\t\t<\/div>","protected":false},"excerpt":{"rendered":"<p>Collabora con noi Una rete aperta a chi vuole fare la differenza Magnetico \u00e8 pi\u00f9 di un\u2019associazione: \u00e8 un ecosistema vivo, che cresce grazie alle persone e alle realt\u00e0 che decidono di farne parte attivamente. Collaborare con Magnetico significa investire tempo, competenze e risorse in progetti educativi, formativi e culturali che generano valore per il [&hellip;]<\/p>","protected":false},"author":1,"featured_media":0,"parent":0,"menu_order":0,"comment_status":"closed","ping_status":"closed","template":"elementor_header_footer","meta":{"footnotes":""},"class_list":["post-28","page","type-page","status-publish","hentry"],"yoast_head":"<!-- This site is optimized with the Yoast SEO plugin v26.9 - https:\/\/yoast.com\/product\/yoast-seo-wordpress\/ -->\n<title>Collabora con Associazione Magnetico<\/title>\n<meta name=\"description\" content=\"Vuoi contribuire alla crescita del territorio? Collabora con l\u2019Associazione Magnetico e metti in gioco le tue competenze.\" \/>\n<meta name=\"robots\" content=\"index, follow, max-snippet:-1, max-image-preview:large, max-video-preview:-1\" \/>\n<link rel=\"canonical\" href=\"https:\/\/www.magnetico.cloud\/fr\/collabora-con-noi\/\" \/>\n<meta property=\"og:locale\" content=\"fr_FR\" \/>\n<meta property=\"og:type\" content=\"article\" \/>\n<meta property=\"og:title\" content=\"Collabora con Associazione Magnetico\" \/>\n<meta property=\"og:description\" content=\"Vuoi contribuire alla crescita del territorio? Collabora con l\u2019Associazione Magnetico e metti in gioco le tue competenze.\" \/>\n<meta property=\"og:url\" content=\"https:\/\/www.magnetico.cloud\/fr\/collabora-con-noi\/\" \/>\n<meta property=\"og:site_name\" content=\"Magnetico Associazione Culturale\" \/>\n<meta property=\"article:modified_time\" content=\"2025-09-18T09:43:19+00:00\" \/>\n<meta name=\"twitter:card\" content=\"summary_large_image\" \/>\n<meta name=\"twitter:label1\" content=\"Dur\u00e9e de lecture estim\u00e9e\" \/>\n\t<meta name=\"twitter:data1\" content=\"2 minutes\" \/>\n<script type=\"application\/ld+json\" class=\"yoast-schema-graph\">{\"@context\":\"https:\/\/schema.org\",\"@graph\":[{\"@type\":\"WebPage\",\"@id\":\"https:\/\/www.magnetico.cloud\/collabora-con-noi\/\",\"url\":\"https:\/\/www.magnetico.cloud\/collabora-con-noi\/\",\"name\":\"Collabora con Associazione Magnetico\",\"isPartOf\":{\"@id\":\"https:\/\/www.magnetico.cloud\/#website\"},\"datePublished\":\"2025-07-18T07:34:07+00:00\",\"dateModified\":\"2025-09-18T09:43:19+00:00\",\"description\":\"Vuoi contribuire alla crescita del territorio? Collabora con l\u2019Associazione Magnetico e metti in gioco le tue competenze.\",\"breadcrumb\":{\"@id\":\"https:\/\/www.magnetico.cloud\/collabora-con-noi\/#breadcrumb\"},\"inLanguage\":\"fr-FR\",\"potentialAction\":[{\"@type\":\"ReadAction\",\"target\":[\"https:\/\/www.magnetico.cloud\/collabora-con-noi\/\"]}]},{\"@type\":\"BreadcrumbList\",\"@id\":\"https:\/\/www.magnetico.cloud\/collabora-con-noi\/#breadcrumb\",\"itemListElement\":[{\"@type\":\"ListItem\",\"position\":1,\"name\":\"Home\",\"item\":\"https:\/\/www.magnetico.cloud\/\"},{\"@type\":\"ListItem\",\"position\":2,\"name\":\"Collabora con noi\"}]},{\"@type\":\"WebSite\",\"@id\":\"https:\/\/www.magnetico.cloud\/#website\",\"url\":\"https:\/\/www.magnetico.cloud\/\",\"name\":\"Magnetico Associazione Culturale\",\"description\":\"\",\"potentialAction\":[{\"@type\":\"SearchAction\",\"target\":{\"@type\":\"EntryPoint\",\"urlTemplate\":\"https:\/\/www.magnetico.cloud\/?s={search_term_string}\"},\"query-input\":{\"@type\":\"PropertyValueSpecification\",\"valueRequired\":true,\"valueName\":\"search_term_string\"}}],\"inLanguage\":\"fr-FR\"}]}<\/script>\n<!-- \/ Yoast SEO plugin. -->","yoast_head_json":{"title":"Collabora con Associazione Magnetico","description":"Vuoi contribuire alla crescita del territorio? Collabora con l\u2019Associazione Magnetico e metti in gioco le tue competenze.","robots":{"index":"index","follow":"follow","max-snippet":"max-snippet:-1","max-image-preview":"max-image-preview:large","max-video-preview":"max-video-preview:-1"},"canonical":"https:\/\/www.magnetico.cloud\/fr\/collabora-con-noi\/","og_locale":"fr_FR","og_type":"article","og_title":"Collabora con Associazione Magnetico","og_description":"Vuoi contribuire alla crescita del territorio? Collabora con l\u2019Associazione Magnetico e metti in gioco le tue competenze.","og_url":"https:\/\/www.magnetico.cloud\/fr\/collabora-con-noi\/","og_site_name":"Magnetico Associazione Culturale","article_modified_time":"2025-09-18T09:43:19+00:00","twitter_card":"summary_large_image","twitter_misc":{"Dur\u00e9e de lecture estim\u00e9e":"2 minutes"},"schema":{"@context":"https:\/\/schema.org","@graph":[{"@type":"WebPage","@id":"https:\/\/www.magnetico.cloud\/collabora-con-noi\/","url":"https:\/\/www.magnetico.cloud\/collabora-con-noi\/","name":"Collabora con Associazione Magnetico","isPartOf":{"@id":"https:\/\/www.magnetico.cloud\/#website"},"datePublished":"2025-07-18T07:34:07+00:00","dateModified":"2025-09-18T09:43:19+00:00","description":"Vuoi contribuire alla crescita del territorio? Collabora con l\u2019Associazione Magnetico e metti in gioco le tue competenze.","breadcrumb":{"@id":"https:\/\/www.magnetico.cloud\/collabora-con-noi\/#breadcrumb"},"inLanguage":"fr-FR","potentialAction":[{"@type":"ReadAction","target":["https:\/\/www.magnetico.cloud\/collabora-con-noi\/"]}]},{"@type":"BreadcrumbList","@id":"https:\/\/www.magnetico.cloud\/collabora-con-noi\/#breadcrumb","itemListElement":[{"@type":"ListItem","position":1,"name":"Home","item":"https:\/\/www.magnetico.cloud\/"},{"@type":"ListItem","position":2,"name":"Collabora con noi"}]},{"@type":"WebSite","@id":"https:\/\/www.magnetico.cloud\/#website","url":"https:\/\/www.magnetico.cloud\/","name":"Magnetico Association Culturelle","description":"","potentialAction":[{"@type":"SearchAction","target":{"@type":"EntryPoint","urlTemplate":"https:\/\/www.magnetico.cloud\/?s={search_term_string}"},"query-input":{"@type":"PropertyValueSpecification","valueRequired":true,"valueName":"search_term_string"}}],"inLanguage":"fr-FR"}]}},"_links":{"self":[{"href":"https:\/\/www.magnetico.cloud\/fr\/wp-json\/wp\/v2\/pages\/28","targetHints":{"allow":["GET"]}}],"collection":[{"href":"https:\/\/www.magnetico.cloud\/fr\/wp-json\/wp\/v2\/pages"}],"about":[{"href":"https:\/\/www.magnetico.cloud\/fr\/wp-json\/wp\/v2\/types\/page"}],"author":[{"embeddable":true,"href":"https:\/\/www.magnetico.cloud\/fr\/wp-json\/wp\/v2\/users\/1"}],"replies":[{"embeddable":true,"href":"https:\/\/www.magnetico.cloud\/fr\/wp-json\/wp\/v2\/comments?post=28"}],"version-history":[{"count":22,"href":"https:\/\/www.magnetico.cloud\/fr\/wp-json\/wp\/v2\/pages\/28\/revisions"}],"predecessor-version":[{"id":1259,"href":"https:\/\/www.magnetico.cloud\/fr\/wp-json\/wp\/v2\/pages\/28\/revisions\/1259"}],"wp:attachment":[{"href":"https:\/\/www.magnetico.cloud\/fr\/wp-json\/wp\/v2\/media?parent=28"}],"curies":[{"name":"wp","href":"https:\/\/api.w.org\/{rel}","templated":true}]}}