{"id":57,"date":"2025-07-18T07:34:47","date_gmt":"2025-07-18T07:34:47","guid":{"rendered":"http:\/\/18.102.87.219\/index.php\/privacy-policy-2\/"},"modified":"2025-08-07T14:32:26","modified_gmt":"2025-08-07T14:32:26","slug":"privacy-policy-2","status":"publish","type":"page","link":"https:\/\/www.magnetico.cloud\/fr\/privacy-policy-2\/","title":{"rendered":"Politique de Confidentialit\u00e9"},"content":{"rendered":"<div data-elementor-type=\"wp-page\" data-elementor-id=\"57\" class=\"elementor elementor-57\" data-elementor-post-type=\"page\">\n\t\t\t\t<div class=\"elementor-element elementor-element-1d76742a e-flex e-con-boxed e-con e-parent\" data-id=\"1d76742a\" data-element_type=\"container\" data-e-type=\"container\">\n\t\t\t\t\t<div class=\"e-con-inner\">\n\t\t\t\t<div class=\"elementor-element elementor-element-138a1096 elementor-widget elementor-widget-text-editor\" data-id=\"138a1096\" data-element_type=\"widget\" data-e-type=\"widget\" data-widget_type=\"text-editor.default\">\n\t\t\t\t\t\t\t\t\t<p><strong>Politique de Confidentialit\u00e9<\/strong><\/p><p><strong>Conform\u00e9ment \u00e0 l\u2019article 13 du R\u00e8glement (UE) 2016\/679 (\u201cRGPD\u201d)<\/strong><\/p><p><strong>Responsable du traitement<\/strong><\/p><p>Le Responsable du traitement est <strong>Magnetico \u2013 Association culturelle<\/strong>, dont le si\u00e8ge social est situ\u00e9 Via Gian Filippo Ingrassia 145\/A \u2013 94017 Regalbuto (EN), Code fiscal 91069880861.<\/p><p>Pour toute information relative au traitement des donn\u00e9es personnelles, il est possible de contacter le Responsable du traitement \u00e0 l\u2019adresse e-mail suivante: <strong>magnetico@legalmail.it<\/strong><\/p><p><strong>Typologie des donn\u00e9es collect\u00e9es<\/strong><\/p><p>Via le formulaire de contact pr\u00e9sent sur le site, les donn\u00e9es suivantes sont collect\u00e9es:<\/p><ul><li>Nom<\/li><li>Adresse e-mail<\/li><li>Message<\/li><\/ul><p><strong>Finalit\u00e9s du traitement<\/strong><\/p><p>Les donn\u00e9es sont collect\u00e9es pour les finalit\u00e9s suivantes:<\/p><ul><li>R\u00e9pondre aux demandes d\u2019information envoy\u00e9es via le formulaire de contact<\/li><li>Envoyer des communications d\u2019information et des newsletters, si l\u2019utilisateur donne son consentement explicite (service en cours d\u2019activation)<\/li><\/ul><p><strong>Base juridique du traitement<\/strong><\/p><p>Le traitement est fond\u00e9 sur le <strong>consentement explicite de l\u2019utilisateur<\/strong> (art. 6, \u00a71, lett. a du RGPD), librement exprim\u00e9 au moyen des formulaires pr\u00e9sents sur le site.<\/p><p><strong>Modalit\u00e9s de traitement<\/strong><\/p><p>Les donn\u00e9es sont trait\u00e9es par des moyens \u00e9lectroniques, de mani\u00e8re licite, loyale et transparente, conform\u00e9ment aux principes \u00e9tablis par le RGPD.\nAucun processus d\u00e9cisionnel automatis\u00e9 ni activit\u00e9 de profilage n\u2019est mis en \u0153uvre.<\/p><p><strong>Conservation des donn\u00e9es<\/strong><\/p><p>Les donn\u00e9es collect\u00e9es via le formulaire de contact sont conserv\u00e9es pour une dur\u00e9e maximale de <strong>12 mois<\/strong> \u00e0 compter de leur r\u00e9ception, sauf obligations l\u00e9gales contraires.<\/p><p><strong>Communication et diffusion des donn\u00e9es<\/strong><\/p><p>Les donn\u00e9es ne seront pas diffus\u00e9es. Elles pourront \u00eatre trait\u00e9es par des tiers mandat\u00e9s par le Responsable du traitement \u00e0 des fins techniques (par exemple, h\u00e9bergeurs ou gestionnaires du site), dans le respect des accords sp\u00e9cifiques de nomination en tant que responsable du traitement.<\/p><p><strong>Transfert de donn\u00e9es vers des pays tiers<\/strong><\/p><p>Le site utilise <strong>Google Maps<\/strong>, un service pouvant entra\u00eener un transfert de donn\u00e9es vers des pays hors UE (par ex. \u00c9tats-Unis).\nCe transfert s\u2019effectue conform\u00e9ment aux clauses contractuelles types approuv\u00e9es par la Commission europ\u00e9enne.\nL\u2019utilisateur peut consulter la politique de confidentialit\u00e9 de Google \u00e0 l\u2019adresse suivante: <a href=\"https:\/\/policies.google.com\/privacy\">https:\/\/policies.google.com\/privacy<\/a><\/p><p><strong>H\u00e9bergement<\/strong><\/p><p>Le site est h\u00e9berg\u00e9 par <strong>Keliweb<\/strong>, un fournisseur d\u00e9clarant que ses serveurs sont situ\u00e9s en Europe.\nPour plus d\u2019informations sur leur conformit\u00e9 au RGPD: <a href=\"https:\/\/www.keliweb.it\/company\/privacy-policy.php\">https:\/\/www.keliweb.it\/company\/privacy-policy.php<\/a><\/p><p><strong>Droits de la personne concern\u00e9e<\/strong><\/p><p>En qualit\u00e9 de personne concern\u00e9e, l\u2019utilisateur peut exercer les droits suivants (art. 15-22 du RGPD):<\/p><ul><li>Droit d'acc\u00e8s aux donn\u00e9es<\/li><li>Droit de rectification<\/li><li>Droit \u00e0 l\u2019effacement (\u00abdroit \u00e0 l\u2019oubli\u00bb)<\/li><li>Droit \u00e0 la limitation du traitement<\/li><li>Droit d\u2019opposition<\/li><li>Droit \u00e0 la portabilit\u00e9 des donn\u00e9es<\/li><\/ul><p>Les demandes peuvent \u00eatre adress\u00e9es \u00e0: <strong>magnetico@legalmail.it<\/strong><\/p><p>La personne concern\u00e9e dispose \u00e9galement du droit d\u2019introduire une r\u00e9clamation aupr\u00e8s de l\u2019<strong>Autorit\u00e9 Garante pour la Protection des Donn\u00e9es Personnelles<\/strong> (www.garanteprivacy.it).<\/p><p>\u00a0<\/p>\t\t\t\t\t\t\t\t<\/div>\n\t\t\t\t\t<\/div>\n\t\t\t\t<\/div>\n\t\t\t\t<\/div>","protected":false},"excerpt":{"rendered":"<p>Privacy Policy Ai sensi dell\u2019art. 13 del Regolamento (UE) 2016\/679 (\u201cGDPR\u201d) Titolare del trattamento Il Titolare del trattamento dei dati \u00e8 Magnetico \u2013 Associazione culturale, con sede legale in Via Gian Filippo Ingrassia 145\/A \u2013 94017 Regalbuto (EN), C.F. 91069880861. Per qualsiasi informazione relativa al trattamento dei dati personali, \u00e8 possibile contattare il Titolare all\u2019indirizzo [&hellip;]<\/p>","protected":false},"author":1,"featured_media":0,"parent":0,"menu_order":0,"comment_status":"closed","ping_status":"closed","template":"elementor_header_footer","meta":{"footnotes":""},"class_list":["post-57","page","type-page","status-publish","hentry"],"yoast_head":"<!-- This site is optimized with the Yoast SEO plugin v26.9 - https:\/\/yoast.com\/product\/yoast-seo-wordpress\/ -->\n<title>Privacy Policy - Magnetico Associazione Culturale<\/title>\n<meta name=\"robots\" content=\"noindex, nofollow\" \/>\n<meta property=\"og:locale\" content=\"fr_FR\" \/>\n<meta property=\"og:type\" content=\"article\" \/>\n<meta property=\"og:title\" content=\"Privacy Policy - Magnetico Associazione Culturale\" \/>\n<meta property=\"og:description\" content=\"Privacy Policy Ai sensi dell\u2019art. 13 del Regolamento (UE) 2016\/679 (\u201cGDPR\u201d) Titolare del trattamento Il Titolare del trattamento dei dati \u00e8 Magnetico \u2013 Associazione culturale, con sede legale in Via Gian Filippo Ingrassia 145\/A \u2013 94017 Regalbuto (EN), C.F. 91069880861. Per qualsiasi informazione relativa al trattamento dei dati personali, \u00e8 possibile contattare il Titolare all\u2019indirizzo [&hellip;]\" \/>\n<meta property=\"og:url\" content=\"https:\/\/www.magnetico.cloud\/fr\/privacy-policy-2\/\" \/>\n<meta property=\"og:site_name\" content=\"Magnetico Associazione Culturale\" \/>\n<meta property=\"article:modified_time\" content=\"2025-08-07T14:32:26+00:00\" \/>\n<meta name=\"twitter:card\" content=\"summary_large_image\" \/>\n<meta name=\"twitter:label1\" content=\"Dur\u00e9e de lecture estim\u00e9e\" \/>\n\t<meta name=\"twitter:data1\" content=\"2 minutes\" \/>\n<script type=\"application\/ld+json\" class=\"yoast-schema-graph\">{\"@context\":\"https:\/\/schema.org\",\"@graph\":[{\"@type\":\"WebPage\",\"@id\":\"https:\/\/www.magnetico.cloud\/privacy-policy-2\/\",\"url\":\"https:\/\/www.magnetico.cloud\/privacy-policy-2\/\",\"name\":\"Privacy Policy - Magnetico Associazione Culturale\",\"isPartOf\":{\"@id\":\"https:\/\/www.magnetico.cloud\/#website\"},\"datePublished\":\"2025-07-18T07:34:47+00:00\",\"dateModified\":\"2025-08-07T14:32:26+00:00\",\"breadcrumb\":{\"@id\":\"https:\/\/www.magnetico.cloud\/privacy-policy-2\/#breadcrumb\"},\"inLanguage\":\"fr-FR\",\"potentialAction\":[{\"@type\":\"ReadAction\",\"target\":[\"https:\/\/www.magnetico.cloud\/privacy-policy-2\/\"]}]},{\"@type\":\"BreadcrumbList\",\"@id\":\"https:\/\/www.magnetico.cloud\/privacy-policy-2\/#breadcrumb\",\"itemListElement\":[{\"@type\":\"ListItem\",\"position\":1,\"name\":\"Home\",\"item\":\"https:\/\/www.magnetico.cloud\/\"},{\"@type\":\"ListItem\",\"position\":2,\"name\":\"Privacy Policy\"}]},{\"@type\":\"WebSite\",\"@id\":\"https:\/\/www.magnetico.cloud\/#website\",\"url\":\"https:\/\/www.magnetico.cloud\/\",\"name\":\"Magnetico Associazione Culturale\",\"description\":\"\",\"potentialAction\":[{\"@type\":\"SearchAction\",\"target\":{\"@type\":\"EntryPoint\",\"urlTemplate\":\"https:\/\/www.magnetico.cloud\/?s={search_term_string}\"},\"query-input\":{\"@type\":\"PropertyValueSpecification\",\"valueRequired\":true,\"valueName\":\"search_term_string\"}}],\"inLanguage\":\"fr-FR\"}]}<\/script>\n<!-- \/ Yoast SEO plugin. -->","yoast_head_json":{"title":"Privacy Policy - Magnetico Associazione Culturale","robots":{"index":"noindex","follow":"nofollow"},"og_locale":"fr_FR","og_type":"article","og_title":"Privacy Policy - Magnetico Associazione Culturale","og_description":"Privacy Policy Ai sensi dell\u2019art. 13 del Regolamento (UE) 2016\/679 (\u201cGDPR\u201d) Titolare del trattamento Il Titolare del trattamento dei dati \u00e8 Magnetico \u2013 Associazione culturale, con sede legale in Via Gian Filippo Ingrassia 145\/A \u2013 94017 Regalbuto (EN), C.F. 91069880861. Per qualsiasi informazione relativa al trattamento dei dati personali, \u00e8 possibile contattare il Titolare all\u2019indirizzo [&hellip;]","og_url":"https:\/\/www.magnetico.cloud\/fr\/privacy-policy-2\/","og_site_name":"Magnetico Associazione Culturale","article_modified_time":"2025-08-07T14:32:26+00:00","twitter_card":"summary_large_image","twitter_misc":{"Dur\u00e9e de lecture estim\u00e9e":"2 minutes"},"schema":{"@context":"https:\/\/schema.org","@graph":[{"@type":"WebPage","@id":"https:\/\/www.magnetico.cloud\/privacy-policy-2\/","url":"https:\/\/www.magnetico.cloud\/privacy-policy-2\/","name":"Privacy Policy - Magnetico Associazione Culturale","isPartOf":{"@id":"https:\/\/www.magnetico.cloud\/#website"},"datePublished":"2025-07-18T07:34:47+00:00","dateModified":"2025-08-07T14:32:26+00:00","breadcrumb":{"@id":"https:\/\/www.magnetico.cloud\/privacy-policy-2\/#breadcrumb"},"inLanguage":"fr-FR","potentialAction":[{"@type":"ReadAction","target":["https:\/\/www.magnetico.cloud\/privacy-policy-2\/"]}]},{"@type":"BreadcrumbList","@id":"https:\/\/www.magnetico.cloud\/privacy-policy-2\/#breadcrumb","itemListElement":[{"@type":"ListItem","position":1,"name":"Home","item":"https:\/\/www.magnetico.cloud\/"},{"@type":"ListItem","position":2,"name":"Privacy Policy"}]},{"@type":"WebSite","@id":"https:\/\/www.magnetico.cloud\/#website","url":"https:\/\/www.magnetico.cloud\/","name":"Magnetico Association Culturelle","description":"","potentialAction":[{"@type":"SearchAction","target":{"@type":"EntryPoint","urlTemplate":"https:\/\/www.magnetico.cloud\/?s={search_term_string}"},"query-input":{"@type":"PropertyValueSpecification","valueRequired":true,"valueName":"search_term_string"}}],"inLanguage":"fr-FR"}]}},"_links":{"self":[{"href":"https:\/\/www.magnetico.cloud\/fr\/wp-json\/wp\/v2\/pages\/57","targetHints":{"allow":["GET"]}}],"collection":[{"href":"https:\/\/www.magnetico.cloud\/fr\/wp-json\/wp\/v2\/pages"}],"about":[{"href":"https:\/\/www.magnetico.cloud\/fr\/wp-json\/wp\/v2\/types\/page"}],"author":[{"embeddable":true,"href":"https:\/\/www.magnetico.cloud\/fr\/wp-json\/wp\/v2\/users\/1"}],"replies":[{"embeddable":true,"href":"https:\/\/www.magnetico.cloud\/fr\/wp-json\/wp\/v2\/comments?post=57"}],"version-history":[{"count":4,"href":"https:\/\/www.magnetico.cloud\/fr\/wp-json\/wp\/v2\/pages\/57\/revisions"}],"predecessor-version":[{"id":99,"href":"https:\/\/www.magnetico.cloud\/fr\/wp-json\/wp\/v2\/pages\/57\/revisions\/99"}],"wp:attachment":[{"href":"https:\/\/www.magnetico.cloud\/fr\/wp-json\/wp\/v2\/media?parent=57"}],"curies":[{"name":"wp","href":"https:\/\/api.w.org\/{rel}","templated":true}]}}